{"id":3573,"date":"2022-02-15T00:18:40","date_gmt":"2022-02-15T03:18:40","guid":{"rendered":"https:\/\/www.mormaii.com.br\/colecao-wetsuits-2022\/?post_type=product&#038;p=3573"},"modified":"2022-03-15T14:30:06","modified_gmt":"2022-03-15T17:30:06","slug":"short-john-manga-longa-flexxxa-vvsuit-1-0mm-2","status":"publish","type":"product","link":"https:\/\/www.mormaii.com.br\/colecao-wetsuits-2022\/?product=short-john-manga-longa-flexxxa-vvsuit-1-0mm-2","title":{"rendered":"Short John Manga Curta 1mm"},"content":{"rendered":"<p><span style=\"font-weight: 400;\">Combinado com tecnologia e conforto, nosso novo modelo de roupa de borracha chegou para trazer inova\u00e7\u00e3o ao mercado. O novo sistema de entrada exclusivo EN SYSTEM Mormaii foi desenvolvido para trazer uma maior facilidade na hora de vestir a roupa e, com esse fechamento ergon\u00f4mico, a possibilidade de entrada de \u00e1gua pela gola ficou ainda menor! Contamos tamb\u00e9m com uma modelagem anat\u00f4mica, desenvolvida com borracha super light &#8211; Policloropreno leve, el\u00e1stico e altamente flex\u00edvel &#8211; garantimos que voc\u00ea fique mais tempo na \u00e1gua e consiga desempenhar os movimentos com uma maior facilidade.\u00a0<\/span><\/p>\n<p><b>Caracter\u00edsticas:<\/b><\/p>\n<p><span style=\"font-weight: 400;\">Material NEOX4 PLUS: Borracha importada 4X mais flex\u00edvel, leve e resistente \u2013 garantindo uma maior flexibilidade para o atleta. | Tecnologia: modelagem anat\u00f4mica Mormaii. | Costura: Elastolock. | Uv protection: bloqueia at\u00e9 98% dos raios uv. | Espessura: 1mm. | Composi\u00e7\u00e3o: 100% policloropreno com tecido de revestimento 86% poliamida, 14% elastano.<\/span><\/p>\n<p><b>Garantia de f\u00e1brica:<\/b><\/p>\n<p><span style=\"font-weight: 400;\">A Mormaii, maior fabricante de wetsuits da Am\u00e9rica Latina, oferece garantia nas roupas de borracha em casos de v\u00edcio de fabrica\u00e7\u00e3o nas costuras pelo prazo de tr\u00eas (3) anos, sendo tr\u00eas (3) meses garantia legal de dois (2) anos e nove (9) meses de garantia de f\u00e1brica. E garantia total por outros v\u00edcios de fabrica\u00e7\u00e3o pelo prazo de um ano, sendo tr\u00eas (3) meses de garantia legal e nove (9) meses de garantia de f\u00e1brica. Todos os prazos s\u00e3o contados da emiss\u00e3o do cupom ou nota fiscal, cuja apresenta\u00e7\u00e3o \u00e9 necess\u00e1ria para a valida\u00e7\u00e3o da garantia.<\/span><\/p>\n","protected":false},"excerpt":{"rendered":"<p><span style=\"font-weight: 400;\">Combinado com tecnologia e conforto, nosso novo modelo de roupa de borracha chegou para trazer inova\u00e7\u00e3o ao mercado. O novo sistema de entrada exclusivo EN SYSTEM Mormaii foi desenvolvido para trazer uma maior facilidade na hora de vestir a roupa e, com esse fechamento ergon\u00f4mico, a possibilidade de entrada de \u00e1gua pela gola ficou ainda menor! Contamos tamb\u00e9m com uma modelagem anat\u00f4mica, desenvolvida com borracha super light &#8211; Policloropreno leve, el\u00e1stico e altamente flex\u00edvel &#8211; garantimos que voc\u00ea fique mais tempo na \u00e1gua e consiga desempenhar os movimentos com uma maior facilidade.\u00a0<\/span><\/p>\n<p><b>Caracter\u00edsticas:<\/b><\/p>\n<p><span style=\"font-weight: 400;\">Material NEOX4 PLUS: Borracha importada 4X mais flex\u00edvel, leve e resistente \u2013 garantindo uma maior flexibilidade para o atleta. | Tecnologia: modelagem anat\u00f4mica Mormaii. | Costura: Elastolock. | Uv protection: bloqueia at\u00e9 98% dos raios uv. | Espessura: 1mm. | Composi\u00e7\u00e3o: 100% policloropreno com tecido de revestimento 86% poliamida, 14% elastano.<\/span><\/p>\n<p><b>Garantia de f\u00e1brica:<\/b><\/p>\n<p><span style=\"font-weight: 400;\">A Mormaii, maior fabricante de wetsuits da Am\u00e9rica Latina, oferece garantia nas roupas de borracha em casos de v\u00edcio de fabrica\u00e7\u00e3o nas costuras pelo prazo de tr\u00eas (3) anos, sendo tr\u00eas (3) meses garantia legal de dois (2) anos e nove (9) meses de garantia de f\u00e1brica. E garantia total por outros v\u00edcios de fabrica\u00e7\u00e3o pelo prazo de um ano, sendo tr\u00eas (3) meses de garantia legal e nove (9) meses de garantia de f\u00e1brica. Todos os prazos s\u00e3o contados da emiss\u00e3o do cupom ou nota fiscal, cuja apresenta\u00e7\u00e3o \u00e9 necess\u00e1ria para a valida\u00e7\u00e3o da garantia.<\/span><\/p>\n","protected":false},"featured_media":3750,"template":"","meta":{"_monsterinsights_skip_tracking":false,"_monsterinsights_sitenote_active":false,"_monsterinsights_sitenote_note":"","_monsterinsights_sitenote_category":0},"product_cat":[68,94],"product_tag":[],"class_list":{"0":"post-3573","1":"product","2":"type-product","3":"status-publish","4":"has-post-thumbnail","6":"product_cat-surf","7":"product_cat-surf-masculino","9":"first","10":"instock","11":"shipping-taxable","12":"product-type-external"},"_links":{"self":[{"href":"https:\/\/www.mormaii.com.br\/colecao-wetsuits-2022\/index.php?rest_route=\/wp\/v2\/product\/3573","targetHints":{"allow":["GET"]}}],"collection":[{"href":"https:\/\/www.mormaii.com.br\/colecao-wetsuits-2022\/index.php?rest_route=\/wp\/v2\/product"}],"about":[{"href":"https:\/\/www.mormaii.com.br\/colecao-wetsuits-2022\/index.php?rest_route=\/wp\/v2\/types\/product"}],"version-history":[{"count":7,"href":"https:\/\/www.mormaii.com.br\/colecao-wetsuits-2022\/index.php?rest_route=\/wp\/v2\/product\/3573\/revisions"}],"predecessor-version":[{"id":3988,"href":"https:\/\/www.mormaii.com.br\/colecao-wetsuits-2022\/index.php?rest_route=\/wp\/v2\/product\/3573\/revisions\/3988"}],"wp:featuredmedia":[{"embeddable":true,"href":"https:\/\/www.mormaii.com.br\/colecao-wetsuits-2022\/index.php?rest_route=\/wp\/v2\/media\/3750"}],"wp:attachment":[{"href":"https:\/\/www.mormaii.com.br\/colecao-wetsuits-2022\/index.php?rest_route=%2Fwp%2Fv2%2Fmedia&parent=3573"}],"wp:term":[{"taxonomy":"product_cat","embeddable":true,"href":"https:\/\/www.mormaii.com.br\/colecao-wetsuits-2022\/index.php?rest_route=%2Fwp%2Fv2%2Fproduct_cat&post=3573"},{"taxonomy":"product_tag","embeddable":true,"href":"https:\/\/www.mormaii.com.br\/colecao-wetsuits-2022\/index.php?rest_route=%2Fwp%2Fv2%2Fproduct_tag&post=3573"}],"curies":[{"name":"wp","href":"https:\/\/api.w.org\/{rel}","templated":true}]}}