{"id":3838,"date":"2022-02-16T14:56:13","date_gmt":"2022-02-16T17:56:13","guid":{"rendered":"https:\/\/www.mormaii.com.br\/colecao-wetsuits-2022\/?post_type=product&#038;p=3838"},"modified":"2022-03-10T12:52:08","modified_gmt":"2022-03-10T15:52:08","slug":"calca-com-neoprene-1mm-masculino-ultra-skin-surfe-mormaii","status":"publish","type":"product","link":"https:\/\/www.mormaii.com.br\/colecao-wetsuits-2022\/?product=calca-com-neoprene-1mm-masculino-ultra-skin-surfe-mormaii","title":{"rendered":"Cal\u00e7a com Neoprene 1mm Masculino Ultra Skin"},"content":{"rendered":"<p><span style=\"font-weight: 400;\">Nossa roupa conta com uma modelagem anat\u00f4mica, desenvolvida com tecido com elastano e borracha SL, policloropreno fino e flex\u00edvel e com costura overlock, costura segura, el\u00e1stica e flex\u00edvel, refor\u00e7ada em \u00e1reas essenciais, garantindo uma maior durabilidade da roupa e conforto para o atleta.\u00a0 N\u00f3s da Mormaii prezamos sempre pelo conforto e praticidade em nossas roupas. Aliando tecnologias inovadoras, estudos de modelagem e testes de usabilidade, desenvolvemos cada roupa pensando em uma maior funcionabilidade da mesma e na melhoria do desempenho de cada atleta. Assim, conforto, durabilidade e desempenho andam juntos com nossas roupas.<\/span><\/p>\n<p><b>Caracter\u00edsticas:<\/b><\/p>\n<p><span style=\"font-weight: 400;\">Material NEOX4 PLUS: Neoprene importado 4X mais flex\u00edvel, leve e resistente \u2013 garantindo uma maior flexibilidade para o atleta. | Tecnologia: modelagem anat\u00f4mica Mormaii. | Uv protection: bloqueia at\u00e9 98% dos raios uv de acordo com as normas da arpansa, entidade australiana que \u00e9 refer\u00eancia mundial na mensura\u00e7\u00e3o de fpu dos tecidos. | Espessura: 1 mm. | Composi\u00e7\u00e3o: 100% policloropreno com tecido de revestimento 86% poliamida, 14% elastano.<\/span><\/p>\n<p><b>Garantia de f\u00e1brica:<\/b><\/p>\n<p><span style=\"font-weight: 400;\">A Mormaii, maior fabricante de wetsuits da Am\u00e9rica Latina, oferece garantia nas roupas de borracha em casos de v\u00edcio de fabrica\u00e7\u00e3o nas costuras pelo prazo de tr\u00eas (3) anos, sendo tr\u00eas (3) meses garantia legal de dois (2) anos e nove (9) meses de garantia de f\u00e1brica. E garantia total por outros v\u00edcios de fabrica\u00e7\u00e3o pelo prazo de um ano, sendo tr\u00eas (3) meses de garantia legal e nove (9) meses de garantia de f\u00e1brica. Todos os prazos s\u00e3o contados da emiss\u00e3o do cupom ou nota fiscal, cuja apresenta\u00e7\u00e3o \u00e9 necess\u00e1ria para a valida\u00e7\u00e3o da garantia.<\/span><\/p>\n","protected":false},"excerpt":{"rendered":"<p>Nossa roupa conta com uma modelagem anat\u00f4mica, desenvolvida com tecido com elastano e borracha SL, policloropreno fino e flex\u00edvel e com costura overlock, costura segura, el\u00e1stica e flex\u00edvel, refor\u00e7ada em \u00e1reas essenciais, garantindo uma maior durabilidade da roupa e conforto para o atleta.\u00a0 N\u00f3s da Mormaii prezamos sempre pelo conforto e praticidade em nossas roupas. [&hellip;]<\/p>\n","protected":false},"featured_media":3839,"template":"","meta":{"_monsterinsights_skip_tracking":false,"_monsterinsights_sitenote_active":false,"_monsterinsights_sitenote_note":"","_monsterinsights_sitenote_category":0},"product_cat":[68,94],"product_tag":[88,44,89],"class_list":{"0":"post-3838","1":"product","2":"type-product","3":"status-publish","4":"has-post-thumbnail","6":"product_cat-surf","7":"product_cat-surf-masculino","8":"product_tag-neoprene","9":"product_tag-surf","10":"product_tag-wetsuits","12":"first","13":"instock","14":"shipping-taxable","15":"product-type-external"},"_links":{"self":[{"href":"https:\/\/www.mormaii.com.br\/colecao-wetsuits-2022\/index.php?rest_route=\/wp\/v2\/product\/3838","targetHints":{"allow":["GET"]}}],"collection":[{"href":"https:\/\/www.mormaii.com.br\/colecao-wetsuits-2022\/index.php?rest_route=\/wp\/v2\/product"}],"about":[{"href":"https:\/\/www.mormaii.com.br\/colecao-wetsuits-2022\/index.php?rest_route=\/wp\/v2\/types\/product"}],"version-history":[{"count":2,"href":"https:\/\/www.mormaii.com.br\/colecao-wetsuits-2022\/index.php?rest_route=\/wp\/v2\/product\/3838\/revisions"}],"predecessor-version":[{"id":3998,"href":"https:\/\/www.mormaii.com.br\/colecao-wetsuits-2022\/index.php?rest_route=\/wp\/v2\/product\/3838\/revisions\/3998"}],"wp:featuredmedia":[{"embeddable":true,"href":"https:\/\/www.mormaii.com.br\/colecao-wetsuits-2022\/index.php?rest_route=\/wp\/v2\/media\/3839"}],"wp:attachment":[{"href":"https:\/\/www.mormaii.com.br\/colecao-wetsuits-2022\/index.php?rest_route=%2Fwp%2Fv2%2Fmedia&parent=3838"}],"wp:term":[{"taxonomy":"product_cat","embeddable":true,"href":"https:\/\/www.mormaii.com.br\/colecao-wetsuits-2022\/index.php?rest_route=%2Fwp%2Fv2%2Fproduct_cat&post=3838"},{"taxonomy":"product_tag","embeddable":true,"href":"https:\/\/www.mormaii.com.br\/colecao-wetsuits-2022\/index.php?rest_route=%2Fwp%2Fv2%2Fproduct_tag&post=3838"}],"curies":[{"name":"wp","href":"https:\/\/api.w.org\/{rel}","templated":true}]}}