{"id":3841,"date":"2022-01-01T15:00:16","date_gmt":"2022-01-01T18:00:16","guid":{"rendered":"https:\/\/www.mormaii.com.br\/colecao-wetsuits-2022\/?post_type=product&#038;p=3841"},"modified":"2022-03-16T09:12:14","modified_gmt":"2022-03-16T12:12:14","slug":"long-john-manga-longa-43mm-masculino-extraline-surfe-mormaii","status":"publish","type":"product","link":"https:\/\/www.mormaii.com.br\/colecao-wetsuits-2022\/?product=long-john-manga-longa-43mm-masculino-extraline-surfe-mormaii","title":{"rendered":"Long John Manga Longa 4.3mm costura BLIND EXP."},"content":{"rendered":"<p><span style=\"font-weight: 400;\">Combinando tecnologia e conforto, nosso novo modelo chegou para trazer inova\u00e7\u00e3o. O sistema de entrada exclusivo EN SYSTEM traz maior facilidade na hora de vestir a roupa e ergonomia contra a entrada de \u00e1gua pela gola. Agora, parte do nosso Extraline \u00e9 de borracha SL, garantindo maior flexibilidade ao atleta. Tamb\u00e9m contamos com o sistema de costura blindstitch, onde a agulha n\u00e3o atravessa a borracha, garantindo assim, uma menor entrada de \u00e1gua para dentro da roupa e um maior aquecimento do atleta.<\/span><\/p>\n<p><b>Caracter\u00edsticas:<\/b><\/p>\n<p><span style=\"font-weight: 400;\">Material NEOX4 PLUS: Borracha importada 4X mais flex\u00edvel, leve e resistente e SUPERFLEX<\/span> <span style=\"font-weight: 400;\">borracha 100% | S<\/span><span style=\"font-weight: 400;\">tretch de alta \ufb02exibilidade. | Costura Blindstitch: costura onde a agulha n\u00e3o atravessa o tecido. | <\/span><i><span style=\"font-weight: 400;\">EBS SYSTEM: <\/span><\/i><span style=\"font-weight: 400;\">Joelheira de alta resist\u00eancia e durabilidade. | Stress Tape: Fita interna nos pontos de stress. | Espessura: 4 mm. | Composi\u00e7\u00e3o: 100% policloropreno com tecido de revestimento 86% poliamida, 14% elastano<\/span><\/p>\n<p><b>Garantia de f\u00e1brica:<\/b><\/p>\n<p><span style=\"font-weight: 400;\">A Mormaii, maior fabricante de wetsuits da Am\u00e9rica Latina, oferece garantia nas roupas de borracha em casos de v\u00edcio de fabrica\u00e7\u00e3o nas costuras pelo prazo de tr\u00eas (3) anos, sendo tr\u00eas (3) meses garantia legal de dois (2) anos e nove (9) meses de garantia de f\u00e1brica. E garantia total por outros v\u00edcios de fabrica\u00e7\u00e3o pelo prazo de um ano, sendo tr\u00eas (3) meses de garantia legal e nove (9) meses de garantia de f\u00e1brica. Todos os prazos s\u00e3o contados da emiss\u00e3o do cupom ou nota fiscal, cuja apresenta\u00e7\u00e3o \u00e9 necess\u00e1ria para a valida\u00e7\u00e3o da garantia.<\/span><\/p>\n","protected":false},"excerpt":{"rendered":"<p>Combinando tecnologia e conforto, nosso novo modelo chegou para trazer inova\u00e7\u00e3o. O sistema de entrada exclusivo EN SYSTEM traz maior facilidade na hora de vestir a roupa e ergonomia contra a entrada de \u00e1gua pela gola. Agora, parte do nosso Extraline \u00e9 de borracha SL, garantindo maior flexibilidade ao atleta. Tamb\u00e9m contamos com o sistema [&hellip;]<\/p>\n","protected":false},"featured_media":3842,"template":"","meta":{"_monsterinsights_skip_tracking":false,"_monsterinsights_sitenote_active":false,"_monsterinsights_sitenote_note":"","_monsterinsights_sitenote_category":0},"product_cat":[68,94],"product_tag":[88,44,89],"class_list":{"0":"post-3841","1":"product","2":"type-product","3":"status-publish","4":"has-post-thumbnail","6":"product_cat-surf","7":"product_cat-surf-masculino","8":"product_tag-neoprene","9":"product_tag-surf","10":"product_tag-wetsuits","12":"first","13":"instock","14":"shipping-taxable","15":"product-type-external"},"_links":{"self":[{"href":"https:\/\/www.mormaii.com.br\/colecao-wetsuits-2022\/index.php?rest_route=\/wp\/v2\/product\/3841","targetHints":{"allow":["GET"]}}],"collection":[{"href":"https:\/\/www.mormaii.com.br\/colecao-wetsuits-2022\/index.php?rest_route=\/wp\/v2\/product"}],"about":[{"href":"https:\/\/www.mormaii.com.br\/colecao-wetsuits-2022\/index.php?rest_route=\/wp\/v2\/types\/product"}],"version-history":[{"count":4,"href":"https:\/\/www.mormaii.com.br\/colecao-wetsuits-2022\/index.php?rest_route=\/wp\/v2\/product\/3841\/revisions"}],"predecessor-version":[{"id":4152,"href":"https:\/\/www.mormaii.com.br\/colecao-wetsuits-2022\/index.php?rest_route=\/wp\/v2\/product\/3841\/revisions\/4152"}],"wp:featuredmedia":[{"embeddable":true,"href":"https:\/\/www.mormaii.com.br\/colecao-wetsuits-2022\/index.php?rest_route=\/wp\/v2\/media\/3842"}],"wp:attachment":[{"href":"https:\/\/www.mormaii.com.br\/colecao-wetsuits-2022\/index.php?rest_route=%2Fwp%2Fv2%2Fmedia&parent=3841"}],"wp:term":[{"taxonomy":"product_cat","embeddable":true,"href":"https:\/\/www.mormaii.com.br\/colecao-wetsuits-2022\/index.php?rest_route=%2Fwp%2Fv2%2Fproduct_cat&post=3841"},{"taxonomy":"product_tag","embeddable":true,"href":"https:\/\/www.mormaii.com.br\/colecao-wetsuits-2022\/index.php?rest_route=%2Fwp%2Fv2%2Fproduct_tag&post=3841"}],"curies":[{"name":"wp","href":"https:\/\/api.w.org\/{rel}","templated":true}]}}