{"id":3853,"date":"2022-01-01T15:10:53","date_gmt":"2022-01-01T18:10:53","guid":{"rendered":"https:\/\/www.mormaii.com.br\/colecao-wetsuits-2022\/?post_type=product&#038;p=3853"},"modified":"2022-03-15T14:22:04","modified_gmt":"2022-03-15T17:22:04","slug":"short-john-sem-manga-1mm-masculino-extraline-surfe-mormaii","status":"publish","type":"product","link":"https:\/\/www.mormaii.com.br\/colecao-wetsuits-2022\/?product=short-john-sem-manga-1mm-masculino-extraline-surfe-mormaii","title":{"rendered":"Short John Sem Manga 1mm Masculino Extraline"},"content":{"rendered":"<p><span style=\"font-weight: 400;\">Conhecido como Second Skin, nosso novo Short sem manga funciona como uma segunda pele para quem sente muito frio. Com o intuito de usar embaixo de roupas de borracha e aumentar o aquecimento, nosso novo modelo \u00e9 revestido com borracha smooth no seu interior, colando melhor \u00e0 pele.\u00a0<\/span><\/p>\n<p><span style=\"font-weight: 400;\">N\u00f3s da Mormaii prezamos sempre pelo conforto e praticidade em nossas roupas. Aliando tecnologias inovadoras, estudos de modelagem e testes de usabilidade, desenvolvemos cada roupa pensando em uma maior funcionabilidade da mesma e na melhoria do desempenho de cada atleta. Assim, conforto, durabilidade e desempenho andam juntos com nossas roupas.<\/span><\/p>\n<p><b>Caracter\u00edsticas:<\/b><\/p>\n<p><span style=\"font-weight: 400;\">Material: SMOOTH SKIN<\/span> <span style=\"font-weight: 400;\">Neoprene de maior<\/span> <span style=\"font-weight: 400;\">isolamento t\u00e9rmico e<\/span> <span style=\"font-weight: 400;\">30% menos absor\u00e7\u00e3o<\/span> <span style=\"font-weight: 400;\">de \u00e1gua. | Tecnologia: modelagem anat\u00f4mica Mormaii. | Uv protection: bloqueia at\u00e9 98% dos raios uv de acordo com as normas da arpansa, entidade australiana que \u00e9 refer\u00eancia mundial na mensura\u00e7\u00e3o de fpu dos tecidos | Espessura: 1 mm | Costura: Tramada | Composi\u00e7\u00e3o: 100% policloropreno com tecido de revestimento 86% poliamida, 14% elastano.<\/span><\/p>\n<p>&nbsp;<\/p>\n","protected":false},"excerpt":{"rendered":"<p>Conhecido como Second Skin, nosso novo Short sem manga funciona como uma segunda pele para quem sente muito frio. Com o intuito de usar embaixo de roupas de borracha e aumentar o aquecimento, nosso novo modelo \u00e9 revestido com borracha smooth no seu interior, colando melhor \u00e0 pele.\u00a0 N\u00f3s da Mormaii prezamos sempre pelo conforto [&hellip;]<\/p>\n","protected":false},"featured_media":3854,"template":"","meta":{"_monsterinsights_skip_tracking":false,"_monsterinsights_sitenote_active":false,"_monsterinsights_sitenote_note":"","_monsterinsights_sitenote_category":0},"product_cat":[68,94],"product_tag":[88,44,89],"class_list":{"0":"post-3853","1":"product","2":"type-product","3":"status-publish","4":"has-post-thumbnail","6":"product_cat-surf","7":"product_cat-surf-masculino","8":"product_tag-neoprene","9":"product_tag-surf","10":"product_tag-wetsuits","12":"first","13":"instock","14":"shipping-taxable","15":"product-type-external"},"_links":{"self":[{"href":"https:\/\/www.mormaii.com.br\/colecao-wetsuits-2022\/index.php?rest_route=\/wp\/v2\/product\/3853","targetHints":{"allow":["GET"]}}],"collection":[{"href":"https:\/\/www.mormaii.com.br\/colecao-wetsuits-2022\/index.php?rest_route=\/wp\/v2\/product"}],"about":[{"href":"https:\/\/www.mormaii.com.br\/colecao-wetsuits-2022\/index.php?rest_route=\/wp\/v2\/types\/product"}],"version-history":[{"count":2,"href":"https:\/\/www.mormaii.com.br\/colecao-wetsuits-2022\/index.php?rest_route=\/wp\/v2\/product\/3853\/revisions"}],"predecessor-version":[{"id":4002,"href":"https:\/\/www.mormaii.com.br\/colecao-wetsuits-2022\/index.php?rest_route=\/wp\/v2\/product\/3853\/revisions\/4002"}],"wp:featuredmedia":[{"embeddable":true,"href":"https:\/\/www.mormaii.com.br\/colecao-wetsuits-2022\/index.php?rest_route=\/wp\/v2\/media\/3854"}],"wp:attachment":[{"href":"https:\/\/www.mormaii.com.br\/colecao-wetsuits-2022\/index.php?rest_route=%2Fwp%2Fv2%2Fmedia&parent=3853"}],"wp:term":[{"taxonomy":"product_cat","embeddable":true,"href":"https:\/\/www.mormaii.com.br\/colecao-wetsuits-2022\/index.php?rest_route=%2Fwp%2Fv2%2Fproduct_cat&post=3853"},{"taxonomy":"product_tag","embeddable":true,"href":"https:\/\/www.mormaii.com.br\/colecao-wetsuits-2022\/index.php?rest_route=%2Fwp%2Fv2%2Fproduct_tag&post=3853"}],"curies":[{"name":"wp","href":"https:\/\/api.w.org\/{rel}","templated":true}]}}