{"id":3856,"date":"2022-02-16T15:14:03","date_gmt":"2022-02-16T18:14:03","guid":{"rendered":"https:\/\/www.mormaii.com.br\/colecao-wetsuits-2022\/?post_type=product&#038;p=3856"},"modified":"2022-03-10T12:51:38","modified_gmt":"2022-03-10T15:51:38","slug":"camiseta-manga-longa-com-neoprene-1mm-masculino-extraline-surfe-mormaii","status":"publish","type":"product","link":"https:\/\/www.mormaii.com.br\/colecao-wetsuits-2022\/?product=camiseta-manga-longa-com-neoprene-1mm-masculino-extraline-surfe-mormaii","title":{"rendered":"Camiseta Manga Longa com Neoprene 1mm Masculino Extraline"},"content":{"rendered":"<p><span style=\"font-weight: 400;\">Nossa roupa conta com uma modelagem anat\u00f4mica, desenvolvida com borracha XLEX, Neoprene fino e flex\u00edvel e com costuras refor\u00e7adas em \u00e1reas essenciais, garantindo uma maior durabilidade da roupa e conforto para o atleta.\u00a0 Al\u00e9m da costura <\/span><i><span style=\"font-weight: 400;\">overtolock<\/span><\/i><span style=\"font-weight: 400;\">, costura flex\u00edvel e de constru\u00e7\u00e3o dupla.<\/span><\/p>\n<p><span style=\"font-weight: 400;\">N\u00f3s da Mormaii prezamos sempre pelo conforto e praticidade em nossas roupas. Aliando tecnologias inovadoras, estudos de modelagem e testes de usabilidade, desenvolvemos cada roupa pensando em uma maior funcionabilidade da mesma e na melhoria do desempenho de cada atleta. Assim, conforto, durabilidade e desempenho andam juntos com nossas roupas.<\/span><\/p>\n<p><b>Caracter\u00edsticas:<\/b><\/p>\n<p><span style=\"font-weight: 400;\">Material XLEX: Borracha 100% stretch, o mais perfeito equil\u00edbrio entre maciez e resist\u00eancia. | 50+ UV protection: Nas partes da manga, gola e ombros. | Tecnologia: modelagem anat\u00f4mica Mormaii. | Uv protection: bloqueia at\u00e9 98% dos raios uv de acordo com as normas da arpansa, entidade australiana que \u00e9 refer\u00eancia mundial na mensura\u00e7\u00e3o de fpu dos tecidos. | Espessura: 1 mm |<\/span><\/p>\n","protected":false},"excerpt":{"rendered":"<p>Nossa roupa conta com uma modelagem anat\u00f4mica, desenvolvida com borracha XLEX, Neoprene fino e flex\u00edvel e com costuras refor\u00e7adas em \u00e1reas essenciais, garantindo uma maior durabilidade da roupa e conforto para o atleta.\u00a0 Al\u00e9m da costura overtolock, costura flex\u00edvel e de constru\u00e7\u00e3o dupla. N\u00f3s da Mormaii prezamos sempre pelo conforto e praticidade em nossas roupas. [&hellip;]<\/p>\n","protected":false},"featured_media":3857,"template":"","meta":{"_monsterinsights_skip_tracking":false,"_monsterinsights_sitenote_active":false,"_monsterinsights_sitenote_note":"","_monsterinsights_sitenote_category":0},"product_cat":[68,94],"product_tag":[88,44,89],"class_list":{"0":"post-3856","1":"product","2":"type-product","3":"status-publish","4":"has-post-thumbnail","6":"product_cat-surf","7":"product_cat-surf-masculino","8":"product_tag-neoprene","9":"product_tag-surf","10":"product_tag-wetsuits","12":"first","13":"instock","14":"shipping-taxable","15":"product-type-external"},"_links":{"self":[{"href":"https:\/\/www.mormaii.com.br\/colecao-wetsuits-2022\/index.php?rest_route=\/wp\/v2\/product\/3856","targetHints":{"allow":["GET"]}}],"collection":[{"href":"https:\/\/www.mormaii.com.br\/colecao-wetsuits-2022\/index.php?rest_route=\/wp\/v2\/product"}],"about":[{"href":"https:\/\/www.mormaii.com.br\/colecao-wetsuits-2022\/index.php?rest_route=\/wp\/v2\/types\/product"}],"version-history":[{"count":2,"href":"https:\/\/www.mormaii.com.br\/colecao-wetsuits-2022\/index.php?rest_route=\/wp\/v2\/product\/3856\/revisions"}],"predecessor-version":[{"id":4003,"href":"https:\/\/www.mormaii.com.br\/colecao-wetsuits-2022\/index.php?rest_route=\/wp\/v2\/product\/3856\/revisions\/4003"}],"wp:featuredmedia":[{"embeddable":true,"href":"https:\/\/www.mormaii.com.br\/colecao-wetsuits-2022\/index.php?rest_route=\/wp\/v2\/media\/3857"}],"wp:attachment":[{"href":"https:\/\/www.mormaii.com.br\/colecao-wetsuits-2022\/index.php?rest_route=%2Fwp%2Fv2%2Fmedia&parent=3856"}],"wp:term":[{"taxonomy":"product_cat","embeddable":true,"href":"https:\/\/www.mormaii.com.br\/colecao-wetsuits-2022\/index.php?rest_route=%2Fwp%2Fv2%2Fproduct_cat&post=3856"},{"taxonomy":"product_tag","embeddable":true,"href":"https:\/\/www.mormaii.com.br\/colecao-wetsuits-2022\/index.php?rest_route=%2Fwp%2Fv2%2Fproduct_tag&post=3856"}],"curies":[{"name":"wp","href":"https:\/\/api.w.org\/{rel}","templated":true}]}}