{"id":3864,"date":"2022-01-01T15:51:02","date_gmt":"2022-01-01T18:51:02","guid":{"rendered":"https:\/\/www.mormaii.com.br\/colecao-wetsuits-2022\/?post_type=product&#038;p=3864"},"modified":"2022-03-16T09:10:16","modified_gmt":"2022-03-16T12:10:16","slug":"camiseta-manga-longa-masculino-extraline-surfe-mormaii-2","status":"publish","type":"product","link":"https:\/\/www.mormaii.com.br\/colecao-wetsuits-2022\/?product=camiseta-manga-longa-masculino-extraline-surfe-mormaii-2","title":{"rendered":"Long John Manga Longa Backzip com Flutua\u00e7\u00e3o 4.3mm Masculino Safety System"},"content":{"rendered":"<p><span style=\"font-weight: 400;\">Trazendo sempre inova\u00e7\u00e3o e tecnologia, a Mormaii em parceria com o surfista de ondas gigantes Lucas Chumbo traz para o seu hall de produtos a Linha Safety System. Nosso Long 4-3mm possui flutuadores <\/span><i><span style=\"font-weight: 400;\">Float Foam<\/span><\/i><span style=\"font-weight: 400;\"> (os melhores do mercado), estrategicamente posicionados para proporcionar a m\u00e1xima performance, conforto e seguran\u00e7a, al\u00e9m de protegerem contra impactos de pranchas, lip, pedras entre outros. Testado e aprovado nas condi\u00e7\u00f5es extremas de Nazar\u00e9, Mavericks e Jaws, nosso long te ajudar\u00e1 a chegar mais r\u00e1pido a superf\u00edcie. Com um exclusivo sistema de al\u00e7as de resgate, posicionadas sobre os ombros, permite que o surfista seja mais facilmente carregado para um local seguro caso necessite. A mais alta tecnologia desenvolvida em parceria com os <\/span><i><span style=\"font-weight: 400;\">big riders<\/span><\/i><span style=\"font-weight: 400;\"> da equipe Mormaii, agora dispon\u00edvel para voc\u00ea.<\/span><\/p>\n<p><b>Caracter\u00edsticas:<\/b><\/p>\n<p><span style=\"font-weight: 400;\">Material NEOX4 PLUS: Borracha importada 4X mais flex\u00edvel, leve e resistente \u2013 garantindo uma maior flexibilidade para o atleta. | Tecnologia: modelagem anat\u00f4mica Mormaii. | Espessura: 4mm | <\/span><i><span style=\"font-weight: 400;\">Impact foam<\/span><\/i><span style=\"font-weight: 400;\">: pain\u00e9is de espuma estrat\u00e9gicamente posicionados para oferecer amortecimento de impacto sem impedir a amplitude nos movimentos. | <\/span><i><span style=\"font-weight: 400;\">Automatic lock ziper<\/span><\/i><span style=\"font-weight: 400;\">: Z\u00edper de alt\u00edssima qualidade YKK com trava autom\u00e1tica. | Backzip: sistema de fechamento z\u00edper nas costas | Constru\u00e7\u00e3o: <\/span><i><span style=\"font-weight: 400;\">GBS System<\/span><\/i><span style=\"font-weight: 400;\"> &#8211; sistema de dupla veda\u00e7\u00e3o de cola e costura blindstitch que veda sem atravessar a mat\u00e9ria prima. | Neox4 tape &#8211; fita de veda\u00e7\u00e3o interna altamente flex\u00edvel. | Composi\u00e7\u00e3o: Policloropreno 86% poliamida, 14% elastano<\/span><\/p>\n<p><b>Garantia de f\u00e1brica:<\/b><\/p>\n<p><span style=\"font-weight: 400;\">A Mormaii, maior fabricante de wetsuits da Am\u00e9rica Latina, oferece garantia nas roupas de borracha em casos de v\u00edcio de fabrica\u00e7\u00e3o nas costuras por at\u00e9 tr\u00eas (3) anos, sendo tr\u00eas (3) meses garantia legal de dois (2) anos e nove (9) meses de garantia de f\u00e1brica. E garantia total por outros v\u00edcios de fabrica\u00e7\u00e3o por at\u00e9 um ano, sendo tr\u00eas (3) meses de garantia legal e nove (9) meses de garantia de f\u00e1brica.<\/span><\/p>\n","protected":false},"excerpt":{"rendered":"<p>Trazendo sempre inova\u00e7\u00e3o e tecnologia, a Mormaii em parceria com o surfista de ondas gigantes Lucas Chumbo traz para o seu hall de produtos a Linha Safety System. Nosso Long 4-3mm possui flutuadores Float Foam (os melhores do mercado), estrategicamente posicionados para proporcionar a m\u00e1xima performance, conforto e seguran\u00e7a, al\u00e9m de protegerem contra impactos de [&hellip;]<\/p>\n","protected":false},"featured_media":3868,"template":"","meta":{"_monsterinsights_skip_tracking":false,"_monsterinsights_sitenote_active":false,"_monsterinsights_sitenote_note":"","_monsterinsights_sitenote_category":0},"product_cat":[68,94],"product_tag":[88,44,89],"class_list":{"0":"post-3864","1":"product","2":"type-product","3":"status-publish","4":"has-post-thumbnail","6":"product_cat-surf","7":"product_cat-surf-masculino","8":"product_tag-neoprene","9":"product_tag-surf","10":"product_tag-wetsuits","12":"first","13":"instock","14":"shipping-taxable","15":"product-type-external"},"_links":{"self":[{"href":"https:\/\/www.mormaii.com.br\/colecao-wetsuits-2022\/index.php?rest_route=\/wp\/v2\/product\/3864","targetHints":{"allow":["GET"]}}],"collection":[{"href":"https:\/\/www.mormaii.com.br\/colecao-wetsuits-2022\/index.php?rest_route=\/wp\/v2\/product"}],"about":[{"href":"https:\/\/www.mormaii.com.br\/colecao-wetsuits-2022\/index.php?rest_route=\/wp\/v2\/types\/product"}],"version-history":[{"count":4,"href":"https:\/\/www.mormaii.com.br\/colecao-wetsuits-2022\/index.php?rest_route=\/wp\/v2\/product\/3864\/revisions"}],"predecessor-version":[{"id":4005,"href":"https:\/\/www.mormaii.com.br\/colecao-wetsuits-2022\/index.php?rest_route=\/wp\/v2\/product\/3864\/revisions\/4005"}],"wp:featuredmedia":[{"embeddable":true,"href":"https:\/\/www.mormaii.com.br\/colecao-wetsuits-2022\/index.php?rest_route=\/wp\/v2\/media\/3868"}],"wp:attachment":[{"href":"https:\/\/www.mormaii.com.br\/colecao-wetsuits-2022\/index.php?rest_route=%2Fwp%2Fv2%2Fmedia&parent=3864"}],"wp:term":[{"taxonomy":"product_cat","embeddable":true,"href":"https:\/\/www.mormaii.com.br\/colecao-wetsuits-2022\/index.php?rest_route=%2Fwp%2Fv2%2Fproduct_cat&post=3864"},{"taxonomy":"product_tag","embeddable":true,"href":"https:\/\/www.mormaii.com.br\/colecao-wetsuits-2022\/index.php?rest_route=%2Fwp%2Fv2%2Fproduct_tag&post=3864"}],"curies":[{"name":"wp","href":"https:\/\/api.w.org\/{rel}","templated":true}]}}