{"id":3875,"date":"2022-01-01T16:06:32","date_gmt":"2022-01-01T19:06:32","guid":{"rendered":"https:\/\/www.mormaii.com.br\/colecao-wetsuits-2022\/?post_type=product&#038;p=3875"},"modified":"2022-03-15T14:20:54","modified_gmt":"2022-03-15T17:20:54","slug":"camiseta-sem-manga-com-flutuac%cc%a7a%cc%83o-2mm","status":"publish","type":"product","link":"https:\/\/www.mormaii.com.br\/colecao-wetsuits-2022\/?product=camiseta-sem-manga-com-flutuac%cc%a7a%cc%83o-2mm","title":{"rendered":"Camiseta sem Manga com Flutuac\u0327a\u0303o 2mm"},"content":{"rendered":"<p><span style=\"font-weight: 400;\">Trazendo sempre inova\u00e7\u00e3o e tecnologia, a Mormaii em parceria com o surfista de ondas gigantes Lucas Chumbo traz para o seu hall de produtos a Linha Safety System. Nossa camiseta possui flutuadores <\/span><i><span style=\"font-weight: 400;\">Float Foam<\/span><\/i><span style=\"font-weight: 400;\"> (os melhores do mercado), estrategicamente posicionados para proporcionar a m\u00e1xima performance, conforto e seguran\u00e7a, al\u00e9m de protegerem contra impactos de pranchas, lip, pedras entre outros. Testado e aprovado nas condi\u00e7\u00f5es extremas de Nazar\u00e9, Mavericks e Jaws, nosso long te ajudar\u00e1 a chegar mais r\u00e1pido \u00e0 superf\u00edcie. A mais alta tecnologia desenvolvida em parceria com os <\/span><i><span style=\"font-weight: 400;\">big riders<\/span><\/i><span style=\"font-weight: 400;\"> da equipe Mormaii, agora dispon\u00edvel para voc\u00ea.<\/span><\/p>\n<p><b>Caracter\u00edsticas:<\/b><\/p>\n<p><span style=\"font-weight: 400;\">Material NEOX4 PLUS: Borracha importada 4X mais flex\u00edvel, leve e resistente \u2013 garantindo uma maior flexibilidade para o atleta. | Tecnologia: modelagem anat\u00f4mica Mormaii. | Espessura: 2mm | <\/span><i><span style=\"font-weight: 400;\">Impact foam<\/span><\/i><span style=\"font-weight: 400;\">: pain\u00e9is de espuma estrat\u00e9gicamente posicionados para oferecer amortecimento de impacto sem impedir a amplitude nos movimentos. | Constru\u00e7\u00e3o: costura flatlotck. | Composi\u00e7\u00e3o: Policloropreno 86% poliamida, 14% elastano.<\/span><\/p>\n<p><b>Garantia de f\u00e1brica:\u00a0<\/b><\/p>\n<p><span style=\"font-weight: 400;\">A Mormaii, maior fabricante de wetsuits da Am\u00e9rica Latina, oferece garantia nas roupas de borracha em casos de v\u00edcio de fabrica\u00e7\u00e3o nas costuras por at\u00e9 tr\u00eas (3) anos, sendo tr\u00eas (3) meses garantia legal de dois (2) anos e nove (9) meses de garantia de f\u00e1brica. E garantia total por outros v\u00edcios de fabrica\u00e7\u00e3o por at\u00e9 um ano, sendo tr\u00eas (3) meses de garantia legal e nove (9) meses de garantia de f\u00e1brica.<\/span><\/p>\n","protected":false},"excerpt":{"rendered":"<p>Trazendo sempre inova\u00e7\u00e3o e tecnologia, a Mormaii em parceria com o surfista de ondas gigantes Lucas Chumbo traz para o seu hall de produtos a Linha Safety System. Nossa camiseta possui flutuadores Float Foam (os melhores do mercado), estrategicamente posicionados para proporcionar a m\u00e1xima performance, conforto e seguran\u00e7a, al\u00e9m de protegerem contra impactos de pranchas, [&hellip;]<\/p>\n","protected":false},"featured_media":3983,"template":"","meta":{"_monsterinsights_skip_tracking":false,"_monsterinsights_sitenote_active":false,"_monsterinsights_sitenote_note":"","_monsterinsights_sitenote_category":0},"product_cat":[68,94],"product_tag":[88,44,89],"class_list":{"0":"post-3875","1":"product","2":"type-product","3":"status-publish","4":"has-post-thumbnail","6":"product_cat-surf","7":"product_cat-surf-masculino","8":"product_tag-neoprene","9":"product_tag-surf","10":"product_tag-wetsuits","12":"first","13":"instock","14":"shipping-taxable","15":"product-type-external"},"_links":{"self":[{"href":"https:\/\/www.mormaii.com.br\/colecao-wetsuits-2022\/index.php?rest_route=\/wp\/v2\/product\/3875","targetHints":{"allow":["GET"]}}],"collection":[{"href":"https:\/\/www.mormaii.com.br\/colecao-wetsuits-2022\/index.php?rest_route=\/wp\/v2\/product"}],"about":[{"href":"https:\/\/www.mormaii.com.br\/colecao-wetsuits-2022\/index.php?rest_route=\/wp\/v2\/types\/product"}],"version-history":[{"count":1,"href":"https:\/\/www.mormaii.com.br\/colecao-wetsuits-2022\/index.php?rest_route=\/wp\/v2\/product\/3875\/revisions"}],"predecessor-version":[{"id":3877,"href":"https:\/\/www.mormaii.com.br\/colecao-wetsuits-2022\/index.php?rest_route=\/wp\/v2\/product\/3875\/revisions\/3877"}],"wp:featuredmedia":[{"embeddable":true,"href":"https:\/\/www.mormaii.com.br\/colecao-wetsuits-2022\/index.php?rest_route=\/wp\/v2\/media\/3983"}],"wp:attachment":[{"href":"https:\/\/www.mormaii.com.br\/colecao-wetsuits-2022\/index.php?rest_route=%2Fwp%2Fv2%2Fmedia&parent=3875"}],"wp:term":[{"taxonomy":"product_cat","embeddable":true,"href":"https:\/\/www.mormaii.com.br\/colecao-wetsuits-2022\/index.php?rest_route=%2Fwp%2Fv2%2Fproduct_cat&post=3875"},{"taxonomy":"product_tag","embeddable":true,"href":"https:\/\/www.mormaii.com.br\/colecao-wetsuits-2022\/index.php?rest_route=%2Fwp%2Fv2%2Fproduct_tag&post=3875"}],"curies":[{"name":"wp","href":"https:\/\/api.w.org\/{rel}","templated":true}]}}