{"id":3878,"date":"2022-02-16T16:09:52","date_gmt":"2022-02-16T19:09:52","guid":{"rendered":"https:\/\/www.mormaii.com.br\/colecao-wetsuits-2022\/?post_type=product&#038;p=3878"},"modified":"2022-03-10T12:50:57","modified_gmt":"2022-03-10T15:50:57","slug":"camiseta-manga-longa-com-flutuac%cc%a7a%cc%83o","status":"publish","type":"product","link":"https:\/\/www.mormaii.com.br\/colecao-wetsuits-2022\/?product=camiseta-manga-longa-com-flutuac%cc%a7a%cc%83o","title":{"rendered":"Camiseta Manga Longa com Flutuac\u0327a\u0303o"},"content":{"rendered":"<p><span style=\"font-weight: 400;\">Trazendo sempre inova\u00e7\u00e3o e tecnologia, a Mormaii em parceria com o surfista de ondas gigantes Lucas Chumbo traz para o seu hall de produtos a Linha Safety System. Nossa camiseta possui flutuadores <\/span><i><span style=\"font-weight: 400;\">Float Foam<\/span><\/i><span style=\"font-weight: 400;\"> (os melhores do mercado), estrategicamente posicionados para proporcionar a m\u00e1xima performance, conforto e seguran\u00e7a, al\u00e9m de protegerem contra impactos de pranchas, lip, pedras entre outros. Testado e aprovado nas condi\u00e7\u00f5es extremas de Nazar\u00e9, Mavericks e Jaws, nosso long te ajudar\u00e1 a chegar mais r\u00e1pido \u00e0 superf\u00edcie. A mais alta tecnologia desenvolvida em parceria com os <\/span><i><span style=\"font-weight: 400;\">big riders<\/span><\/i><span style=\"font-weight: 400;\"> da equipe Mormaii, agora dispon\u00edvel para voc\u00ea.<\/span><\/p>\n<p><b>Caracter\u00edsticas:<\/b><\/p>\n<p><span style=\"font-weight: 400;\">Tecnologia: modelagem anat\u00f4mica Mormaii | <\/span><i><span style=\"font-weight: 400;\">Impact foam<\/span><\/i><span style=\"font-weight: 400;\">: pain\u00e9is de espuma estrategicamente posicionados para oferecer amortecimento de impacto sem impedir a amplitude nos movimentos. | Constru\u00e7\u00e3o: costura overlock. | Composi\u00e7\u00e3o: 84% Poliamida 16% Elastano.<\/span><\/p>\n","protected":false},"excerpt":{"rendered":"<p>Trazendo sempre inova\u00e7\u00e3o e tecnologia, a Mormaii em parceria com o surfista de ondas gigantes Lucas Chumbo traz para o seu hall de produtos a Linha Safety System. Nossa camiseta possui flutuadores Float Foam (os melhores do mercado), estrategicamente posicionados para proporcionar a m\u00e1xima performance, conforto e seguran\u00e7a, al\u00e9m de protegerem contra impactos de pranchas, [&hellip;]<\/p>\n","protected":false},"featured_media":3879,"template":"","meta":{"_monsterinsights_skip_tracking":false,"_monsterinsights_sitenote_active":false,"_monsterinsights_sitenote_note":"","_monsterinsights_sitenote_category":0},"product_cat":[68,94],"product_tag":[88,44,89],"class_list":{"0":"post-3878","1":"product","2":"type-product","3":"status-publish","4":"has-post-thumbnail","6":"product_cat-surf","7":"product_cat-surf-masculino","8":"product_tag-neoprene","9":"product_tag-surf","10":"product_tag-wetsuits","12":"first","13":"instock","14":"shipping-taxable","15":"product-type-external"},"_links":{"self":[{"href":"https:\/\/www.mormaii.com.br\/colecao-wetsuits-2022\/index.php?rest_route=\/wp\/v2\/product\/3878","targetHints":{"allow":["GET"]}}],"collection":[{"href":"https:\/\/www.mormaii.com.br\/colecao-wetsuits-2022\/index.php?rest_route=\/wp\/v2\/product"}],"about":[{"href":"https:\/\/www.mormaii.com.br\/colecao-wetsuits-2022\/index.php?rest_route=\/wp\/v2\/types\/product"}],"version-history":[{"count":1,"href":"https:\/\/www.mormaii.com.br\/colecao-wetsuits-2022\/index.php?rest_route=\/wp\/v2\/product\/3878\/revisions"}],"predecessor-version":[{"id":3880,"href":"https:\/\/www.mormaii.com.br\/colecao-wetsuits-2022\/index.php?rest_route=\/wp\/v2\/product\/3878\/revisions\/3880"}],"wp:featuredmedia":[{"embeddable":true,"href":"https:\/\/www.mormaii.com.br\/colecao-wetsuits-2022\/index.php?rest_route=\/wp\/v2\/media\/3879"}],"wp:attachment":[{"href":"https:\/\/www.mormaii.com.br\/colecao-wetsuits-2022\/index.php?rest_route=%2Fwp%2Fv2%2Fmedia&parent=3878"}],"wp:term":[{"taxonomy":"product_cat","embeddable":true,"href":"https:\/\/www.mormaii.com.br\/colecao-wetsuits-2022\/index.php?rest_route=%2Fwp%2Fv2%2Fproduct_cat&post=3878"},{"taxonomy":"product_tag","embeddable":true,"href":"https:\/\/www.mormaii.com.br\/colecao-wetsuits-2022\/index.php?rest_route=%2Fwp%2Fv2%2Fproduct_tag&post=3878"}],"curies":[{"name":"wp","href":"https:\/\/api.w.org\/{rel}","templated":true}]}}