{"id":3896,"date":"2022-02-17T11:09:42","date_gmt":"2022-02-17T14:09:42","guid":{"rendered":"https:\/\/www.mormaii.com.br\/colecao-wetsuits-2022\/?post_type=product&#038;p=3896"},"modified":"2022-03-14T16:47:49","modified_gmt":"2022-03-14T19:47:49","slug":"camiseta-manga-longa-feminino-diva-pro-surfe-mormaii-2","status":"publish","type":"product","link":"https:\/\/www.mormaii.com.br\/colecao-wetsuits-2022\/?product=camiseta-manga-longa-feminino-diva-pro-surfe-mormaii-2","title":{"rendered":"Camiseta Manga Longa Feminino Diva Pro Surfe"},"content":{"rendered":"<p><span style=\"font-weight: 400;\">Nossa roupa conta com uma modelagem anat\u00f4mica e costura <\/span><i><span style=\"font-weight: 400;\">overlock<\/span><\/i><span style=\"font-weight: 400;\">, costura flex\u00edvel e de constru\u00e7\u00e3o dupla.<\/span><\/p>\n<p><span style=\"font-weight: 400;\">N\u00f3s da Mormaii prezamos sempre pelo conforto e praticidade em nossas roupas. Aliando tecnologias inovadoras, estudos de modelagem e testes de usabilidade, desenvolvemos cada roupa pensando em uma maior funcionabilidade da mesma e na melhoria do desempenho de cada atleta. Assim, conforto, durabilidade e desempenho andam juntos com nossas roupas.<\/span><\/p>\n<p><b>Caracter\u00edsticas:<\/b><\/p>\n<p><span style=\"font-weight: 400;\">Material 50+ UV protection: Tecido de alta qualidade com elastano, garantindo ao atleta alta flexibilidade e desempenho. Tecnologia: modelagem anat\u00f4mica Mormaii. Uv protection: bloqueia at\u00e9 98% dos raios uv de acordo com as normas da arpansa, entidade australiana que \u00e9 refer\u00eancia mundial na mensura\u00e7\u00e3o de fpu dos tecidos. Composi\u00e7\u00e3o: 84% poliamida, 16%elastano.<\/span><\/p>\n","protected":false},"excerpt":{"rendered":"<p>Nossa roupa conta com uma modelagem anat\u00f4mica e costura overlock, costura flex\u00edvel e de constru\u00e7\u00e3o dupla. N\u00f3s da Mormaii prezamos sempre pelo conforto e praticidade em nossas roupas. Aliando tecnologias inovadoras, estudos de modelagem e testes de usabilidade, desenvolvemos cada roupa pensando em uma maior funcionabilidade da mesma e na melhoria do desempenho de cada [&hellip;]<\/p>\n","protected":false},"featured_media":3897,"template":"","meta":{"_monsterinsights_skip_tracking":false,"_monsterinsights_sitenote_active":false,"_monsterinsights_sitenote_note":"","_monsterinsights_sitenote_category":0},"product_cat":[68,95],"product_tag":[88,44,89],"class_list":{"0":"post-3896","1":"product","2":"type-product","3":"status-publish","4":"has-post-thumbnail","6":"product_cat-surf","7":"product_cat-surf-feminino","8":"product_tag-neoprene","9":"product_tag-surf","10":"product_tag-wetsuits","12":"first","13":"instock","14":"shipping-taxable","15":"product-type-external"},"_links":{"self":[{"href":"https:\/\/www.mormaii.com.br\/colecao-wetsuits-2022\/index.php?rest_route=\/wp\/v2\/product\/3896","targetHints":{"allow":["GET"]}}],"collection":[{"href":"https:\/\/www.mormaii.com.br\/colecao-wetsuits-2022\/index.php?rest_route=\/wp\/v2\/product"}],"about":[{"href":"https:\/\/www.mormaii.com.br\/colecao-wetsuits-2022\/index.php?rest_route=\/wp\/v2\/types\/product"}],"version-history":[{"count":2,"href":"https:\/\/www.mormaii.com.br\/colecao-wetsuits-2022\/index.php?rest_route=\/wp\/v2\/product\/3896\/revisions"}],"predecessor-version":[{"id":4036,"href":"https:\/\/www.mormaii.com.br\/colecao-wetsuits-2022\/index.php?rest_route=\/wp\/v2\/product\/3896\/revisions\/4036"}],"wp:featuredmedia":[{"embeddable":true,"href":"https:\/\/www.mormaii.com.br\/colecao-wetsuits-2022\/index.php?rest_route=\/wp\/v2\/media\/3897"}],"wp:attachment":[{"href":"https:\/\/www.mormaii.com.br\/colecao-wetsuits-2022\/index.php?rest_route=%2Fwp%2Fv2%2Fmedia&parent=3896"}],"wp:term":[{"taxonomy":"product_cat","embeddable":true,"href":"https:\/\/www.mormaii.com.br\/colecao-wetsuits-2022\/index.php?rest_route=%2Fwp%2Fv2%2Fproduct_cat&post=3896"},{"taxonomy":"product_tag","embeddable":true,"href":"https:\/\/www.mormaii.com.br\/colecao-wetsuits-2022\/index.php?rest_route=%2Fwp%2Fv2%2Fproduct_tag&post=3896"}],"curies":[{"name":"wp","href":"https:\/\/api.w.org\/{rel}","templated":true}]}}