{"id":3916,"date":"2022-02-17T11:31:37","date_gmt":"2022-02-17T14:31:37","guid":{"rendered":"https:\/\/www.mormaii.com.br\/colecao-wetsuits-2022\/?post_type=product&#038;p=3916"},"modified":"2022-03-11T17:33:10","modified_gmt":"2022-03-11T20:33:10","slug":"bermuda-1mm-infantil-ultra-skin-uv-suit-surfe-mormaii","status":"publish","type":"product","link":"https:\/\/www.mormaii.com.br\/colecao-wetsuits-2022\/?product=bermuda-1mm-infantil-ultra-skin-uv-suit-surfe-mormaii","title":{"rendered":"Bermuda 1mm Infantil Ultra Skin Uv-Suit"},"content":{"rendered":"<p><span style=\"font-weight: 400;\">A cada ano, n\u00f3s da Mormaii, buscamos desenvolver produtos que agreguem tecnologia e conforto. Com isso, nossos modelos infantis trazem esse ano, borracha super light \u2013 policloropreno leve, el\u00e1stico e altamente flex\u00edvel &#8211; garantindo que a crian\u00e7a fique mais tempo na \u00e1gua e desempenhe os movimentos com maior facilidade. Nossa bermuda conta tamb\u00e9m com regulagem na lateral do c\u00f3s, garantindo maior seguran\u00e7a ao atleta.<\/span><\/p>\n<p><b>Caracter\u00edsticas:<\/b><\/p>\n<p><b>Material: <\/b><span style=\"font-weight: 400;\">NEOX4 PLUS: Borracha importada 4X mais flex\u00edvel, leve e resistente \u2013 garantindo uma maior flexibilidade. | <\/span><b>Anat\u00f4mico: <\/b><span style=\"font-weight: 400;\">Formato anat\u00f4mico para melhor conforto ao corpo. | <\/span><b>Espessura:<\/b><span style=\"font-weight: 400;\"> 1 mm. | <\/span><b>Composi\u00e7\u00e3o:<\/b><span style=\"font-weight: 400;\"> 100% policloropreno com tecido de revestimento 86% poliamida, 14% elastano.<\/span><\/p>\n<p><b>Garantia de f\u00e1brica:<\/b><\/p>\n<p><span style=\"font-weight: 400;\">A Mormaii, maior fabricante de wetsuits da Am\u00e9rica Latina, oferece garantia nas roupas de borracha em casos de v\u00edcio de fabrica\u00e7\u00e3o nas costuras pelo prazo de tr\u00eas (3) anos, sendo tr\u00eas (3) meses garantia legal de dois (2) anos e nove (9) meses de garantia de f\u00e1brica. E garantia total por outros v\u00edcios de fabrica\u00e7\u00e3o pelo prazo de um ano, sendo tr\u00eas (3) meses de garantia legal e nove (9) meses de garantia de f\u00e1brica. Todos os prazos s\u00e3o contados da emiss\u00e3o do cupom ou nota fiscal, cuja apresenta\u00e7\u00e3o \u00e9 necess\u00e1ria para a valida\u00e7\u00e3o da garantia.<\/span><\/p>\n","protected":false},"excerpt":{"rendered":"<p>A cada ano, n\u00f3s da Mormaii, buscamos desenvolver produtos que agreguem tecnologia e conforto. Com isso, nossos modelos infantis trazem esse ano, borracha super light \u2013 policloropreno leve, el\u00e1stico e altamente flex\u00edvel &#8211; garantindo que a crian\u00e7a fique mais tempo na \u00e1gua e desempenhe os movimentos com maior facilidade. Nossa bermuda conta tamb\u00e9m com regulagem [&hellip;]<\/p>\n","protected":false},"featured_media":3917,"template":"","meta":{"_monsterinsights_skip_tracking":false,"_monsterinsights_sitenote_active":false,"_monsterinsights_sitenote_note":"","_monsterinsights_sitenote_category":0},"product_cat":[68,96],"product_tag":[88,44,89],"class_list":{"0":"post-3916","1":"product","2":"type-product","3":"status-publish","4":"has-post-thumbnail","6":"product_cat-surf","7":"product_cat-surf-infantil","8":"product_tag-neoprene","9":"product_tag-surf","10":"product_tag-wetsuits","12":"first","13":"instock","14":"shipping-taxable","15":"product-type-external"},"_links":{"self":[{"href":"https:\/\/www.mormaii.com.br\/colecao-wetsuits-2022\/index.php?rest_route=\/wp\/v2\/product\/3916","targetHints":{"allow":["GET"]}}],"collection":[{"href":"https:\/\/www.mormaii.com.br\/colecao-wetsuits-2022\/index.php?rest_route=\/wp\/v2\/product"}],"about":[{"href":"https:\/\/www.mormaii.com.br\/colecao-wetsuits-2022\/index.php?rest_route=\/wp\/v2\/types\/product"}],"version-history":[{"count":2,"href":"https:\/\/www.mormaii.com.br\/colecao-wetsuits-2022\/index.php?rest_route=\/wp\/v2\/product\/3916\/revisions"}],"predecessor-version":[{"id":4017,"href":"https:\/\/www.mormaii.com.br\/colecao-wetsuits-2022\/index.php?rest_route=\/wp\/v2\/product\/3916\/revisions\/4017"}],"wp:featuredmedia":[{"embeddable":true,"href":"https:\/\/www.mormaii.com.br\/colecao-wetsuits-2022\/index.php?rest_route=\/wp\/v2\/media\/3917"}],"wp:attachment":[{"href":"https:\/\/www.mormaii.com.br\/colecao-wetsuits-2022\/index.php?rest_route=%2Fwp%2Fv2%2Fmedia&parent=3916"}],"wp:term":[{"taxonomy":"product_cat","embeddable":true,"href":"https:\/\/www.mormaii.com.br\/colecao-wetsuits-2022\/index.php?rest_route=%2Fwp%2Fv2%2Fproduct_cat&post=3916"},{"taxonomy":"product_tag","embeddable":true,"href":"https:\/\/www.mormaii.com.br\/colecao-wetsuits-2022\/index.php?rest_route=%2Fwp%2Fv2%2Fproduct_tag&post=3916"}],"curies":[{"name":"wp","href":"https:\/\/api.w.org\/{rel}","templated":true}]}}