{"id":3946,"date":"2022-02-17T11:55:38","date_gmt":"2022-02-17T14:55:38","guid":{"rendered":"https:\/\/www.mormaii.com.br\/colecao-wetsuits-2022\/?post_type=product&#038;p=3946"},"modified":"2022-03-17T11:01:48","modified_gmt":"2022-03-17T14:01:48","slug":"macacao-sem-manga-2mm-masculino-flexxxa-pro-jet-ski-mormaii","status":"publish","type":"product","link":"https:\/\/www.mormaii.com.br\/colecao-wetsuits-2022\/?product=macacao-sem-manga-2mm-masculino-flexxxa-pro-jet-ski-mormaii","title":{"rendered":"Macac\u00e3o sem Manga 2mm Masculino Flexxxa Pro Jet Ski"},"content":{"rendered":"<p><b>Descri\u00e7\u00e3o:<\/b><\/p>\n<p><span style=\"font-weight: 400;\">Macac\u00e3o de borracha, desenvolvido para quem busca conforto e praticidade para desempenhar suas atividades na \u00e1gua. Produzida com borracha SL, <\/span><span style=\"font-weight: 400;\">Neoprene 100% stretch de alta flexibilidade.<\/span><\/p>\n<p><b>Caracter\u00edsticas:<\/b><\/p>\n<p><span style=\"font-weight: 400;\">EN SHOULDER Sistema de fechamento com velcro no ombro. | Flatlock: Costura flex\u00edvel de constru\u00e7\u00e3o qu\u00e1drupla. | Anat\u00f4mico: Formato anat\u00f4mico para melhor conforto ao corpo. | UV Protection: bloqueia at\u00e9 98% dos raios uv de acordo com as normas da arpansa, entidade australiana que \u00e9 refer\u00eancia mundial na mensura\u00e7\u00e3o de fpu dos tecidos. | SUPERFLEX: Neoprene 100% stretch de alta flexibilidade.<\/span><\/p>\n","protected":false},"excerpt":{"rendered":"<p>Descri\u00e7\u00e3o: Macac\u00e3o de borracha, desenvolvido para quem busca conforto e praticidade para desempenhar suas atividades na \u00e1gua. Produzida com borracha SL, Neoprene 100% stretch de alta flexibilidade. Caracter\u00edsticas: EN SHOULDER Sistema de fechamento com velcro no ombro. | Flatlock: Costura flex\u00edvel de constru\u00e7\u00e3o qu\u00e1drupla. | Anat\u00f4mico: Formato anat\u00f4mico para melhor conforto ao corpo. | UV [&hellip;]<\/p>\n","protected":false},"featured_media":3947,"template":"","meta":{"_monsterinsights_skip_tracking":false,"_monsterinsights_sitenote_active":false,"_monsterinsights_sitenote_note":"","_monsterinsights_sitenote_category":0},"product_cat":[69],"product_tag":[88,44,89],"class_list":{"0":"post-3946","1":"product","2":"type-product","3":"status-publish","4":"has-post-thumbnail","6":"product_cat-jet-sky","7":"product_tag-neoprene","8":"product_tag-surf","9":"product_tag-wetsuits","11":"first","12":"instock","13":"shipping-taxable","14":"product-type-external"},"_links":{"self":[{"href":"https:\/\/www.mormaii.com.br\/colecao-wetsuits-2022\/index.php?rest_route=\/wp\/v2\/product\/3946","targetHints":{"allow":["GET"]}}],"collection":[{"href":"https:\/\/www.mormaii.com.br\/colecao-wetsuits-2022\/index.php?rest_route=\/wp\/v2\/product"}],"about":[{"href":"https:\/\/www.mormaii.com.br\/colecao-wetsuits-2022\/index.php?rest_route=\/wp\/v2\/types\/product"}],"version-history":[{"count":2,"href":"https:\/\/www.mormaii.com.br\/colecao-wetsuits-2022\/index.php?rest_route=\/wp\/v2\/product\/3946\/revisions"}],"predecessor-version":[{"id":4026,"href":"https:\/\/www.mormaii.com.br\/colecao-wetsuits-2022\/index.php?rest_route=\/wp\/v2\/product\/3946\/revisions\/4026"}],"wp:featuredmedia":[{"embeddable":true,"href":"https:\/\/www.mormaii.com.br\/colecao-wetsuits-2022\/index.php?rest_route=\/wp\/v2\/media\/3947"}],"wp:attachment":[{"href":"https:\/\/www.mormaii.com.br\/colecao-wetsuits-2022\/index.php?rest_route=%2Fwp%2Fv2%2Fmedia&parent=3946"}],"wp:term":[{"taxonomy":"product_cat","embeddable":true,"href":"https:\/\/www.mormaii.com.br\/colecao-wetsuits-2022\/index.php?rest_route=%2Fwp%2Fv2%2Fproduct_cat&post=3946"},{"taxonomy":"product_tag","embeddable":true,"href":"https:\/\/www.mormaii.com.br\/colecao-wetsuits-2022\/index.php?rest_route=%2Fwp%2Fv2%2Fproduct_tag&post=3946"}],"curies":[{"name":"wp","href":"https:\/\/api.w.org\/{rel}","templated":true}]}}