{"id":481,"date":"2016-11-10T14:34:40","date_gmt":"2016-11-10T16:34:40","guid":{"rendered":"http:\/\/mail.bradigital.com.br:8080\/clientes\/Mormaii\/?page_id=481"},"modified":"2021-06-07T10:38:34","modified_gmt":"2021-06-07T13:38:34","slug":"historia","status":"publish","type":"page","link":"https:\/\/www.mormaii.com.br\/site\/historia\/","title":{"rendered":"HIST\u00d3RIA"},"content":{"rendered":"<h2 class=\"titWidth tit01\" style=\"text-align: center;\">HIST\u00d3RIA<\/h2>\n<p class=\"pageWidth\" style=\"text-align: center;\">Na d\u00e9cada de 70, para conhecer as melhores ondas e mapear o litoral do pa\u00eds, o surfista deveria ser um desbravador, levando uma vida simples e pacata junto \u00e0s isoladas vilas de pescadores artesanais. Garopaba era o exemplo perfeito desse cen\u00e1rio e foi ali que a hist\u00f3ria da Mormaii come\u00e7ou.<\/p>\n<p class=\"pageWidth\" style=\"text-align: center;\">As ondas perfeitas da regi\u00e3o atra\u00edram Morongo para aquele vilarejo ainda sem abastecimento de energia el\u00e9trica e sem nenhum m\u00e9dico. Formado em medicina, Marco Aur\u00e9lio Raymundo deixou o Rio Grande do Sul e foi para Santa Catarina viver uma vida diferente. Queria prestar atendimento no posto de sa\u00fade para a comunidade da regi\u00e3o, mas tamb\u00e9m desejava surfar direto, em praias vazias. Por\u00e9m, permanecer na \u00e1gua durante o inverno era imposs\u00edvel, devido \u00e0s baixas temperaturas do mar.<\/p>\n<p class=\"pageWidth\" style=\"text-align: center;\">Foi ent\u00e3o que Morongo teve a iniciativa de costurar para si mesmo uma roupa de neoprene, na sala de sua casa. Logo, a not\u00edcia se espalhou e as encomendas come\u00e7aram. A cria\u00e7\u00e3o das primeiras wetsuits de surf no pa\u00eds permitiram que qualquer atleta brasileiro comprasse uma, sem depender de produtos importados.<\/p>\n<p><img loading=\"lazy\" decoding=\"async\" class=\"alignnone size-full wp-image-6776\" src=\"http:\/\/www.mormaii.com.br\/site\/wp-content\/uploads\/2016\/11\/historia-da-mormaii-11.png\" alt=\"historia-da-mormaii-11\" width=\"1932\" height=\"440\" srcset=\"https:\/\/www.mormaii.com.br\/site\/wp-content\/uploads\/2016\/11\/historia-da-mormaii-11.png 1932w, https:\/\/www.mormaii.com.br\/site\/wp-content\/uploads\/2016\/11\/historia-da-mormaii-11-600x137.png 600w, https:\/\/www.mormaii.com.br\/site\/wp-content\/uploads\/2016\/11\/historia-da-mormaii-11-300x68.png 300w, https:\/\/www.mormaii.com.br\/site\/wp-content\/uploads\/2016\/11\/historia-da-mormaii-11-768x175.png 768w, https:\/\/www.mormaii.com.br\/site\/wp-content\/uploads\/2016\/11\/historia-da-mormaii-11-1024x233.png 1024w\" sizes=\"(max-width: 1932px) 100vw, 1932px\" \/><\/p>\n<h2 class=\"titWidth\" style=\"text-align: center;\">Mormaii avan\u00e7a no mercado de Esportes<\/h2>\n<p class=\"pageWidth\" style=\"text-align: center;\">Junto com a evolu\u00e7\u00e3o da marca, o surf tornou-se um esporte prestigiado nos anos 80, contando com um circuito brasileiro profissional bem organizado e revistas especializadas.<\/p>\n<p class=\"pageWidth\" style=\"text-align: center;\">Nesta mesma \u00e9poca, outras modalidades dos esportes de a\u00e7\u00e3o, como o windsurf e o bodyboard, surgiram com for\u00e7a no horizonte nacional. A Mormaii, ent\u00e3o, ofereceu a mesma qualidade para atender a nova demanda e ainda iniciou a confec\u00e7\u00e3o de moda masculina, feminina e acess\u00f3rios.<\/p>\n<p class=\"pageWidth\" style=\"text-align: center;\">Ao longo das mais de tr\u00eas d\u00e9cadas que atravessou, a Mormaii se caracterizou pela expans\u00e3o em diversos setores. Entrou no s\u00e9culo XXI com vigor, experi\u00eancia e um mix de produtos superior a 5 mil itens. O crescimento atravessou fronteiras, mares e seduziu clientes dos mais exigentes mercados internacionais.<\/p>\n<p style=\"text-align: center;\"><img loading=\"lazy\" decoding=\"async\" class=\"alignnone size-full wp-image-6777\" src=\"http:\/\/www.mormaii.com.br\/site\/wp-content\/uploads\/2016\/11\/historia-da-mormaii-12.png\" alt=\"historia-da-mormaii-12\" width=\"1932\" height=\"440\" srcset=\"https:\/\/www.mormaii.com.br\/site\/wp-content\/uploads\/2016\/11\/historia-da-mormaii-12.png 1932w, https:\/\/www.mormaii.com.br\/site\/wp-content\/uploads\/2016\/11\/historia-da-mormaii-12-600x137.png 600w, https:\/\/www.mormaii.com.br\/site\/wp-content\/uploads\/2016\/11\/historia-da-mormaii-12-300x68.png 300w, https:\/\/www.mormaii.com.br\/site\/wp-content\/uploads\/2016\/11\/historia-da-mormaii-12-768x175.png 768w, https:\/\/www.mormaii.com.br\/site\/wp-content\/uploads\/2016\/11\/historia-da-mormaii-12-1024x233.png 1024w\" sizes=\"(max-width: 1932px) 100vw, 1932px\" \/><\/p>\n<p class=\"pageWidth\" style=\"text-align: center;\">Com lan\u00e7amentos da mais alta qualidade e design original, a Mormaii abre cada vez mais espa\u00e7o entre as grandes corpora\u00e7\u00f5es, sem nunca perder sua ess\u00eancia.<\/p>\n<div style=\"text-align: center;\">Ao todo, s\u00e3o mais de 40 Licen\u00e7as, 30 Franquias, 15 Studios Fitness, 100 atletas, entre patrocinados e apoiados, dezenas de eventos realizados em parceria e milhares de clientes e amigos que comp\u00f5e essa imensa fam\u00edlia dos esportes livres.<\/div>\n<p class=\"pageWidth\" style=\"text-align: center;\">O segredo deste sucesso est\u00e1 em atender as necessidades do consumidor em todas as \u00e1reas em que a marca atua e lan\u00e7ar equipamentos para os esportistas treinarem em contato com a natureza, garantindo a m\u00e1xima seguran\u00e7a.<\/p>\n<p>E tamb\u00e9m, nas parcerias entre a marca e outras empresas, atrav\u00e9s do atual modelo de licenciamento, parcerias no formato ganha-ganha onde os envolvidos atuam mutuamente em prol do mesmo objetivo.<\/p>\n<p>Seguindo essa mesma linha o projeto Mormaii Omnichannel oferece aos seus franqueados um modelo de vendas online interligadas com o e-commerce do Mormaii Shop e todos os principais marketplaces do Brasil. Cada loja \u00e9 um Centro de Distribui\u00e7\u00e3o que opera de forma integrada, reconhecendo, atrav\u00e9s de geolocaliza\u00e7\u00e3o, a doca mais pr\u00f3xima do pedido, que ser\u00e1 a respons\u00e1vel pelo envio e faturamento.<\/p>\n<p class=\"pageWidth\" style=\"text-align: center;\">S\u00e3o por esses e outros motivos que at\u00e9 hoje,o Doutor Morongo exerce o cargo de presidente do Grupo Mormaii, surfando e praticando v\u00e1rios esportes de a\u00e7\u00e3o com os artigos desenvolvidos pela marca que ele mesmo criou, sempre em busca de evolu\u00e7\u00e3o, novos horizontes e felicidade.<\/p>\n<div class=\"boxbtHist\">\n<p><iframe loading=\"lazy\" id=\"ytplayer\" src=\"https:\/\/www.youtube.com\/embed\/DmZSOVvyXTY\" width=\"1080\" height=\"607.5\" frameborder=\"0\" allowfullscreen=\"allowfullscreen\"><\/p>\n<h3 style=\"text-align: center;\">CONHE\u00c7A NOSSAS CONQUISTAS E PR\u00caMIOS<\/h3>\n<p style=\"text-align: center;\"><a class=\"btHistoria\" href=\"http:\/\/www.mormaii.com.br\/site\/conquistas-e-premios\/\">CONHE\u00c7A<\/a><\/p>\n<p>&nbsp;<\/p>\n<p><\/iframe><\/p>\n<\/div>\n","protected":false},"excerpt":{"rendered":"<p>HIST\u00d3RIA Na d\u00e9cada de 70, para conhecer as melhores ondas e mapear o litoral do pa\u00eds, o surfista deveria ser um desbravador, levando uma vida simples e pacata junto \u00e0s isoladas vilas de pescadores artesanais. Garopaba era o exemplo perfeito desse cen\u00e1rio e foi ali que a hist\u00f3ria da Mormaii come\u00e7ou. As ondas perfeitas da [&hellip;]<\/p>\n","protected":false},"author":1,"featured_media":0,"parent":0,"menu_order":0,"comment_status":"closed","ping_status":"closed","template":"","meta":{"_uag_custom_page_level_css":"","_mi_skip_tracking":false,"footnotes":""},"class_list":["post-481","page","type-page","status-publish","hentry"],"acf":[],"uagb_featured_image_src":{"full":false,"thumbnail":false,"medium":false,"medium_large":false,"large":false,"1536x1536":false,"2048x2048":false,"qi_addons_for_elementor_image_size_square":false,"qi_addons_for_elementor_image_size_landscape":false,"qi_addons_for_elementor_image_size_portrait":false,"qi_addons_for_elementor_image_size_huge-square":false},"uagb_author_info":{"display_name":"admin","author_link":"https:\/\/www.mormaii.com.br\/site\/author\/admin\/"},"uagb_comment_info":0,"uagb_excerpt":"HIST\u00d3RIA Na d\u00e9cada de 70, para conhecer as melhores ondas e mapear o litoral do pa\u00eds, o surfista deveria ser um desbravador, levando uma vida simples e pacata junto \u00e0s isoladas vilas de pescadores artesanais. Garopaba era o exemplo perfeito desse cen\u00e1rio e foi ali que a hist\u00f3ria da Mormaii come\u00e7ou. As ondas perfeitas da&hellip;","_links":{"self":[{"href":"https:\/\/www.mormaii.com.br\/site\/wp-json\/wp\/v2\/pages\/481"}],"collection":[{"href":"https:\/\/www.mormaii.com.br\/site\/wp-json\/wp\/v2\/pages"}],"about":[{"href":"https:\/\/www.mormaii.com.br\/site\/wp-json\/wp\/v2\/types\/page"}],"author":[{"embeddable":true,"href":"https:\/\/www.mormaii.com.br\/site\/wp-json\/wp\/v2\/users\/1"}],"replies":[{"embeddable":true,"href":"https:\/\/www.mormaii.com.br\/site\/wp-json\/wp\/v2\/comments?post=481"}],"version-history":[{"count":26,"href":"https:\/\/www.mormaii.com.br\/site\/wp-json\/wp\/v2\/pages\/481\/revisions"}],"predecessor-version":[{"id":55789,"href":"https:\/\/www.mormaii.com.br\/site\/wp-json\/wp\/v2\/pages\/481\/revisions\/55789"}],"wp:attachment":[{"href":"https:\/\/www.mormaii.com.br\/site\/wp-json\/wp\/v2\/media?parent=481"}],"curies":[{"name":"wp","href":"https:\/\/api.w.org\/{rel}","templated":true}]}}