{"id":59329,"date":"2024-07-30T15:17:39","date_gmt":"2024-07-30T18:17:39","guid":{"rendered":"https:\/\/www.mormaii.com.br\/site\/?page_id=59329"},"modified":"2024-07-30T15:26:06","modified_gmt":"2024-07-30T18:26:06","slug":"comercio-exterior","status":"publish","type":"page","link":"https:\/\/www.mormaii.com.br\/site\/comercio-exterior\/","title":{"rendered":"COM\u00c9RCIO EXTERIOR"},"content":{"rendered":"<div class=\"wp-block-image\">\n<figure class=\"aligncenter size-full\"><img decoding=\"async\" src=\"https:\/\/test.mormaii.com.br\/site\/wp-content\/uploads\/2024\/06\/comercio-exterior.jpg\" alt=\"\" class=\"wp-image-59282\"\/><\/figure><\/div>\n\n\n<div style=\"height:60px\" aria-hidden=\"true\" class=\"wp-block-spacer uag-hide-mob\"><\/div>\n\n\n\n<div style=\"height:43px\" aria-hidden=\"true\" class=\"wp-block-spacer uag-hide-desktop uag-hide-tab\"><\/div>\n\n\n\n<p><span style=\"font-weight: 400;\">O processo de internacionaliza\u00e7\u00e3o da <strong>Mormaii<\/strong> teve in\u00edcio em 1986, quando a marca come\u00e7ou a exportar wetsuits para o Chile. A partir da\u00ed, evoluiu para a exporta\u00e7\u00e3o de outros produtos, como \u00f3culos, confec\u00e7\u00e3o, cal\u00e7ados e acess\u00f3rios, para outros pa\u00edses em todos os continentes.<\/span><\/p>\n\n\n\n<p><span style=\"font-weight: 400;\">Al\u00e9m da exporta\u00e7\u00e3o de produtos, o processo de internacionaliza\u00e7\u00e3o avan\u00e7ou por meio do licenciamento internacional da marca. Algumas localidades contam com pontos de venda exclusivos <strong>Mormaii<\/strong>.<\/span><\/p>\n\n\n\n<p><span style=\"font-weight: 400;\">A <strong>Mormaii<\/strong> busca constantemente levar seu lifestyle e sua filosofia a todos os pa\u00edses onde tem presen\u00e7a. Al\u00e9m da distribui\u00e7\u00e3o de produtos, a marca apoia atletas locais, centros de treinamento e outros eventos esportivos. \u00c9 dessa maneira que o estilo <strong>Mormaii<\/strong> chega ao maior n\u00famero de pessoas poss\u00edvel.<\/span><\/p>\n\n\n\n<p>SEJA UM DISTRIBUIDOR INTERNACIONAL MORMAII!<\/p>\n\n\n\n<p>Para mais informa\u00e7\u00f5es, entre em contato: <a href=\"mailto:comex@mormaii.com.br\" target=\"_blank\" rel=\"noreferrer noopener\">comex@mormaii.com.br<\/a>.<\/p>\n\n\n\n<div style=\"height:80px\" aria-hidden=\"true\" class=\"wp-block-spacer uag-hide-mob\"><\/div>\n\n\n\n<div style=\"height:52px\" aria-hidden=\"true\" class=\"wp-block-spacer uag-hide-desktop uag-hide-tab\"><\/div>\n","protected":false},"excerpt":{"rendered":"<p>O processo de internacionaliza\u00e7\u00e3o da Mormaii teve in\u00edcio em 1986, quando a marca come\u00e7ou a exportar wetsuits para o Chile. A partir da\u00ed, evoluiu para a exporta\u00e7\u00e3o de outros produtos, como \u00f3culos, confec\u00e7\u00e3o, cal\u00e7ados e acess\u00f3rios, para outros pa\u00edses em todos os continentes. Al\u00e9m da exporta\u00e7\u00e3o de produtos, o processo de internacionaliza\u00e7\u00e3o avan\u00e7ou por meio [&hellip;]<\/p>\n","protected":false},"author":17,"featured_media":0,"parent":0,"menu_order":0,"comment_status":"closed","ping_status":"closed","template":"general-template.php","meta":{"_uag_custom_page_level_css":"","_mi_skip_tracking":false,"footnotes":""},"class_list":["post-59329","page","type-page","status-publish","hentry"],"acf":[],"uagb_featured_image_src":{"full":false,"thumbnail":false,"medium":false,"medium_large":false,"large":false,"1536x1536":false,"2048x2048":false,"qi_addons_for_elementor_image_size_square":false,"qi_addons_for_elementor_image_size_landscape":false,"qi_addons_for_elementor_image_size_portrait":false,"qi_addons_for_elementor_image_size_huge-square":false},"uagb_author_info":{"display_name":"Miguel J\u00fanior da Silva","author_link":"https:\/\/www.mormaii.com.br\/site\/author\/miguel-frn\/"},"uagb_comment_info":0,"uagb_excerpt":"O processo de internacionaliza\u00e7\u00e3o da Mormaii teve in\u00edcio em 1986, quando a marca come\u00e7ou a exportar wetsuits para o Chile. A partir da\u00ed, evoluiu para a exporta\u00e7\u00e3o de outros produtos, como \u00f3culos, confec\u00e7\u00e3o, cal\u00e7ados e acess\u00f3rios, para outros pa\u00edses em todos os continentes. Al\u00e9m da exporta\u00e7\u00e3o de produtos, o processo de internacionaliza\u00e7\u00e3o avan\u00e7ou por meio&hellip;","_links":{"self":[{"href":"https:\/\/www.mormaii.com.br\/site\/wp-json\/wp\/v2\/pages\/59329"}],"collection":[{"href":"https:\/\/www.mormaii.com.br\/site\/wp-json\/wp\/v2\/pages"}],"about":[{"href":"https:\/\/www.mormaii.com.br\/site\/wp-json\/wp\/v2\/types\/page"}],"author":[{"embeddable":true,"href":"https:\/\/www.mormaii.com.br\/site\/wp-json\/wp\/v2\/users\/17"}],"replies":[{"embeddable":true,"href":"https:\/\/www.mormaii.com.br\/site\/wp-json\/wp\/v2\/comments?post=59329"}],"version-history":[{"count":3,"href":"https:\/\/www.mormaii.com.br\/site\/wp-json\/wp\/v2\/pages\/59329\/revisions"}],"predecessor-version":[{"id":59333,"href":"https:\/\/www.mormaii.com.br\/site\/wp-json\/wp\/v2\/pages\/59329\/revisions\/59333"}],"wp:attachment":[{"href":"https:\/\/www.mormaii.com.br\/site\/wp-json\/wp\/v2\/media?parent=59329"}],"curies":[{"name":"wp","href":"https:\/\/api.w.org\/{rel}","templated":true}]}}