{"id":59465,"date":"2024-09-12T09:35:54","date_gmt":"2024-09-12T12:35:54","guid":{"rendered":"https:\/\/www.mormaii.com.br\/site\/?page_id=59465"},"modified":"2025-09-23T10:24:54","modified_gmt":"2025-09-23T13:24:54","slug":"fale-conosco","status":"publish","type":"page","link":"https:\/\/www.mormaii.com.br\/site\/fale-conosco\/","title":{"rendered":"FALE CONOSCO"},"content":{"rendered":"\n<p>Coment\u00e1rios, sugest\u00f5es ou d\u00favidas? Entre em contato atrav\u00e9s do formul\u00e1rio, chat ou telefone<\/p>\n","protected":false},"excerpt":{"rendered":"<p>Coment\u00e1rios, sugest\u00f5es ou d\u00favidas? Entre em contato atrav\u00e9s do formul\u00e1rio, chat ou telefone<\/p>\n","protected":false},"author":17,"featured_media":0,"parent":0,"menu_order":0,"comment_status":"closed","ping_status":"closed","template":"template-fale-conosco.php","meta":{"_uag_custom_page_level_css":"","_mi_skip_tracking":false,"footnotes":""},"class_list":["post-59465","page","type-page","status-publish","hentry"],"acf":[],"uagb_featured_image_src":{"full":false,"thumbnail":false,"medium":false,"medium_large":false,"large":false,"1536x1536":false,"2048x2048":false,"qi_addons_for_elementor_image_size_square":false,"qi_addons_for_elementor_image_size_landscape":false,"qi_addons_for_elementor_image_size_portrait":false,"qi_addons_for_elementor_image_size_huge-square":false},"uagb_author_info":{"display_name":"Miguel J\u00fanior da Silva","author_link":"https:\/\/www.mormaii.com.br\/site\/author\/miguel-frn\/"},"uagb_comment_info":0,"uagb_excerpt":"Coment\u00e1rios, sugest\u00f5es ou d\u00favidas? Entre em contato atrav\u00e9s do formul\u00e1rio, chat ou telefone","_links":{"self":[{"href":"https:\/\/www.mormaii.com.br\/site\/wp-json\/wp\/v2\/pages\/59465"}],"collection":[{"href":"https:\/\/www.mormaii.com.br\/site\/wp-json\/wp\/v2\/pages"}],"about":[{"href":"https:\/\/www.mormaii.com.br\/site\/wp-json\/wp\/v2\/types\/page"}],"author":[{"embeddable":true,"href":"https:\/\/www.mormaii.com.br\/site\/wp-json\/wp\/v2\/users\/17"}],"replies":[{"embeddable":true,"href":"https:\/\/www.mormaii.com.br\/site\/wp-json\/wp\/v2\/comments?post=59465"}],"version-history":[{"count":2,"href":"https:\/\/www.mormaii.com.br\/site\/wp-json\/wp\/v2\/pages\/59465\/revisions"}],"predecessor-version":[{"id":59467,"href":"https:\/\/www.mormaii.com.br\/site\/wp-json\/wp\/v2\/pages\/59465\/revisions\/59467"}],"wp:attachment":[{"href":"https:\/\/www.mormaii.com.br\/site\/wp-json\/wp\/v2\/media?parent=59465"}],"curies":[{"name":"wp","href":"https:\/\/api.w.org\/{rel}","templated":true}]}}