{"id":3,"date":"2022-10-31T18:52:25","date_gmt":"2022-10-31T21:52:25","guid":{"rendered":"https:\/\/www.mormaii.com.br\/techprene\/?page_id=3"},"modified":"2023-05-02T09:00:34","modified_gmt":"2023-05-02T12:00:34","slug":"politica-de-privacidade","status":"publish","type":"page","link":"https:\/\/www.mormaii.com.br\/techprene\/politica-de-privacidade\/","title":{"rendered":"Pol\u00edtica de privacidade"},"content":{"rendered":"\n<p>A sua privacidade \u00e9 importante para n\u00f3s. \u00c9 pol\u00edtica\u00a0do\u00a0TECHPRENE respeitar a sua privacidade em rela\u00e7\u00e3o a qualquer informa\u00e7\u00e3o sua que possamos coletar no site\u00a0TECHPRENE, e outros sites que possu\u00edmos e operamos.<\/p>\n\n\n\n<p>Solicitamos informa\u00e7\u00f5es pessoais apenas quando realmente precisamos delas para lhe fornecer nossos produtos e servi\u00e7os. Fazemo-lo por meios justos e legais, com o seu conhecimento e consentimento. Tamb\u00e9m informamos por que estamos coletando e como ser\u00e1 usado.<\/p>\n\n\n\n<p>Quando armazenamos dados, protegemos dentro de meios comercialmente aceit\u00e1veis \u200b\u200bpara evitar perdas e roubos, bem como acesso, divulga\u00e7\u00e3o, c\u00f3pia, uso ou modifica\u00e7\u00e3o n\u00e3o autorizados.<\/p>\n\n\n\n<p>Todos os dados sobre voc\u00ea podem ser considerados ativos no caso de negocia\u00e7\u00f5es em que a TECHPRENE fizer parte. Portanto, nos reservamos no direito de incluir seus dados dentre os ativos da empresa caso venha a ser vendida, adquirida ou fundida com outra.&nbsp;<\/p>\n\n\n\n<p>Por meio desta Pol\u00edtica voc\u00ea concorda e est\u00e1 ciente desta possibilidade. Nos reservamos tamb\u00e9m, de fornecer seus dados e informa\u00e7\u00f5es, incluindo intera\u00e7\u00f5es suas, caso seja requisitado judicialmente, ato necess\u00e1rio para que a empresa esteja em conformidade com as leis nacionais, ou caso voc\u00ea autorize expressamente.<\/p>\n\n\n\n<p>Para fins de assist\u00eancia, pode haver a necessidade de compartilhar seus dados com empresas terceiras que fornecem sistemas e\/ou softwares para nossa opera\u00e7\u00e3o (ex.: CRM para a gera\u00e7\u00e3o de novos cadastros, atendimento a pedidos, processamento de pagamentos, detec\u00e7\u00e3o de fraudes e verifica\u00e7\u00e3o de identidade, opera\u00e7\u00e3o e desenvolvimento de website, servi\u00e7os de suporte, an\u00e1lise de dados, e etc.).&nbsp;<\/p>\n\n\n\n<p>Ter\u00e3o acesso \u00e0s informa\u00e7\u00f5es pessoais apenas colaboradores da TECHPRENE, dentre esses, somente pessoas com as devidas autoriza\u00e7\u00f5es e comprometimento expresso com a privacidade, sigilo e boa-f\u00e9. Nenhum dado pessoal poder\u00e1 ser divulgado publicamente.<\/p>\n\n\n\n<p>Todos os dados e qualquer uso destes estar\u00e3o de acordo com a presente Pol\u00edtica e a legisla\u00e7\u00e3o vigente, considerando que a privacidade \u00e9 extremamente importante, ser\u00e1 feito tudo o que estiver ao alcance para proteg\u00ea-la.<\/p>\n\n\n\n<p>Voc\u00ea \u00e9 livre para recusar a nossa solicita\u00e7\u00e3o de informa\u00e7\u00f5es pessoais, entendendo que talvez n\u00e3o possamos fornecer alguns dos servi\u00e7os desejados.<\/p>\n\n\n\n<p>O uso continuado de nosso site ser\u00e1 considerado como aceita\u00e7\u00e3o de nossas pr\u00e1ticas em torno de privacidade e informa\u00e7\u00f5es pessoais. Se voc\u00ea tiver alguma d\u00favida sobre como lidamos com dados do usu\u00e1rio e informa\u00e7\u00f5es pessoais, entre em contacto conosco.<\/p>\n\n\n\n<p>A TECHPRENE tem o compromisso de proteger sua privacidade, seguimos rigorosamente a Lei Geral de Prote\u00e7\u00e3o de Dados Pessoais n\u00ba 13.709\/2018. Os dados fornecidos estar\u00e3o seguros e ser\u00e3o utilizados apenas para contat\u00e1-los sobre assuntos dos servi\u00e7os prestados pela TECHPRENE apresentados neste site.<\/p>\n\n\n\n<p>A TECHPRENE pode revisar \u00e0s nossas pr\u00e1ticas e esta Pol\u00edtica a qualquer momento, sem aviso pr\u00e9vio.<\/p>\n\n\n\n<p>Por favor, acesse-a frequentemente para verificar quaisquer atualiza\u00e7\u00f5es ou mudan\u00e7as.<\/p>\n","protected":false},"excerpt":{"rendered":"<p>A sua privacidade \u00e9 importante para n\u00f3s. \u00c9 pol\u00edtica\u00a0do\u00a0TECHPRENE respeitar a sua privacidade em rela\u00e7\u00e3o a qualquer informa\u00e7\u00e3o sua que possamos coletar [&hellip;]<\/p>\n","protected":false},"author":1,"featured_media":0,"parent":0,"menu_order":0,"comment_status":"closed","ping_status":"open","template":"","meta":{"footnotes":""},"class_list":["post-3","page","type-page","status-publish","hentry"],"yoast_head":"<!-- This site is optimized with the Yoast SEO plugin v23.9 - https:\/\/yoast.com\/wordpress\/plugins\/seo\/ -->\n<title>Pol\u00edtica de privacidade - Techprene<\/title>\n<meta name=\"robots\" content=\"index, follow, max-snippet:-1, max-image-preview:large, max-video-preview:-1\" \/>\n<link rel=\"canonical\" href=\"https:\/\/www.mormaii.com.br\/techprene\/politica-de-privacidade\/\" \/>\n<meta property=\"og:locale\" content=\"pt_BR\" \/>\n<meta property=\"og:type\" content=\"article\" \/>\n<meta property=\"og:title\" content=\"Pol\u00edtica de privacidade - Techprene\" \/>\n<meta property=\"og:description\" content=\"A sua privacidade \u00e9 importante para n\u00f3s. \u00c9 pol\u00edtica\u00a0do\u00a0TECHPRENE respeitar a sua privacidade em rela\u00e7\u00e3o a qualquer informa\u00e7\u00e3o sua que possamos coletar [&hellip;]\" \/>\n<meta property=\"og:url\" content=\"https:\/\/www.mormaii.com.br\/techprene\/politica-de-privacidade\/\" \/>\n<meta property=\"og:site_name\" content=\"Techprene\" \/>\n<meta property=\"article:modified_time\" content=\"2023-05-02T12:00:34+00:00\" \/>\n<meta name=\"twitter:card\" content=\"summary_large_image\" \/>\n<meta name=\"twitter:label1\" content=\"Est. tempo de leitura\" \/>\n\t<meta name=\"twitter:data1\" content=\"3 minutos\" \/>\n<script type=\"application\/ld+json\" class=\"yoast-schema-graph\">{\"@context\":\"https:\/\/schema.org\",\"@graph\":[{\"@type\":\"WebPage\",\"@id\":\"https:\/\/www.mormaii.com.br\/techprene\/politica-de-privacidade\/\",\"url\":\"https:\/\/www.mormaii.com.br\/techprene\/politica-de-privacidade\/\",\"name\":\"Pol\u00edtica de privacidade - Techprene\",\"isPartOf\":{\"@id\":\"https:\/\/www.mormaii.com.br\/techprene\/#website\"},\"datePublished\":\"2022-10-31T21:52:25+00:00\",\"dateModified\":\"2023-05-02T12:00:34+00:00\",\"breadcrumb\":{\"@id\":\"https:\/\/www.mormaii.com.br\/techprene\/politica-de-privacidade\/#breadcrumb\"},\"inLanguage\":\"pt-BR\",\"potentialAction\":[{\"@type\":\"ReadAction\",\"target\":[\"https:\/\/www.mormaii.com.br\/techprene\/politica-de-privacidade\/\"]}]},{\"@type\":\"BreadcrumbList\",\"@id\":\"https:\/\/www.mormaii.com.br\/techprene\/politica-de-privacidade\/#breadcrumb\",\"itemListElement\":[{\"@type\":\"ListItem\",\"position\":1,\"name\":\"In\u00edcio\",\"item\":\"https:\/\/www.mormaii.com.br\/techprene\/\"},{\"@type\":\"ListItem\",\"position\":2,\"name\":\"Pol\u00edtica de privacidade\"}]},{\"@type\":\"WebSite\",\"@id\":\"https:\/\/www.mormaii.com.br\/techprene\/#website\",\"url\":\"https:\/\/www.mormaii.com.br\/techprene\/\",\"name\":\"Techprene\",\"description\":\"\",\"publisher\":{\"@id\":\"https:\/\/www.mormaii.com.br\/techprene\/#organization\"},\"potentialAction\":[{\"@type\":\"SearchAction\",\"target\":{\"@type\":\"EntryPoint\",\"urlTemplate\":\"https:\/\/www.mormaii.com.br\/techprene\/?s={search_term_string}\"},\"query-input\":{\"@type\":\"PropertyValueSpecification\",\"valueRequired\":true,\"valueName\":\"search_term_string\"}}],\"inLanguage\":\"pt-BR\"},{\"@type\":\"Organization\",\"@id\":\"https:\/\/www.mormaii.com.br\/techprene\/#organization\",\"name\":\"Techprene\",\"url\":\"https:\/\/www.mormaii.com.br\/techprene\/\",\"logo\":{\"@type\":\"ImageObject\",\"inLanguage\":\"pt-BR\",\"@id\":\"https:\/\/www.mormaii.com.br\/techprene\/#\/schema\/logo\/image\/\",\"url\":\"https:\/\/www.mormaii.com.br\/techprene\/wp-content\/uploads\/2022\/11\/cropped-Sem-Titulo-10.jpg\",\"contentUrl\":\"https:\/\/www.mormaii.com.br\/techprene\/wp-content\/uploads\/2022\/11\/cropped-Sem-Titulo-10.jpg\",\"width\":466,\"height\":80,\"caption\":\"Techprene\"},\"image\":{\"@id\":\"https:\/\/www.mormaii.com.br\/techprene\/#\/schema\/logo\/image\/\"}}]}<\/script>\n<!-- \/ Yoast SEO plugin. -->","yoast_head_json":{"title":"Pol\u00edtica de privacidade - Techprene","robots":{"index":"index","follow":"follow","max-snippet":"max-snippet:-1","max-image-preview":"max-image-preview:large","max-video-preview":"max-video-preview:-1"},"canonical":"https:\/\/www.mormaii.com.br\/techprene\/politica-de-privacidade\/","og_locale":"pt_BR","og_type":"article","og_title":"Pol\u00edtica de privacidade - Techprene","og_description":"A sua privacidade \u00e9 importante para n\u00f3s. \u00c9 pol\u00edtica\u00a0do\u00a0TECHPRENE respeitar a sua privacidade em rela\u00e7\u00e3o a qualquer informa\u00e7\u00e3o sua que possamos coletar [&hellip;]","og_url":"https:\/\/www.mormaii.com.br\/techprene\/politica-de-privacidade\/","og_site_name":"Techprene","article_modified_time":"2023-05-02T12:00:34+00:00","twitter_card":"summary_large_image","twitter_misc":{"Est. tempo de leitura":"3 minutos"},"schema":{"@context":"https:\/\/schema.org","@graph":[{"@type":"WebPage","@id":"https:\/\/www.mormaii.com.br\/techprene\/politica-de-privacidade\/","url":"https:\/\/www.mormaii.com.br\/techprene\/politica-de-privacidade\/","name":"Pol\u00edtica de privacidade - Techprene","isPartOf":{"@id":"https:\/\/www.mormaii.com.br\/techprene\/#website"},"datePublished":"2022-10-31T21:52:25+00:00","dateModified":"2023-05-02T12:00:34+00:00","breadcrumb":{"@id":"https:\/\/www.mormaii.com.br\/techprene\/politica-de-privacidade\/#breadcrumb"},"inLanguage":"pt-BR","potentialAction":[{"@type":"ReadAction","target":["https:\/\/www.mormaii.com.br\/techprene\/politica-de-privacidade\/"]}]},{"@type":"BreadcrumbList","@id":"https:\/\/www.mormaii.com.br\/techprene\/politica-de-privacidade\/#breadcrumb","itemListElement":[{"@type":"ListItem","position":1,"name":"In\u00edcio","item":"https:\/\/www.mormaii.com.br\/techprene\/"},{"@type":"ListItem","position":2,"name":"Pol\u00edtica de privacidade"}]},{"@type":"WebSite","@id":"https:\/\/www.mormaii.com.br\/techprene\/#website","url":"https:\/\/www.mormaii.com.br\/techprene\/","name":"Techprene","description":"","publisher":{"@id":"https:\/\/www.mormaii.com.br\/techprene\/#organization"},"potentialAction":[{"@type":"SearchAction","target":{"@type":"EntryPoint","urlTemplate":"https:\/\/www.mormaii.com.br\/techprene\/?s={search_term_string}"},"query-input":{"@type":"PropertyValueSpecification","valueRequired":true,"valueName":"search_term_string"}}],"inLanguage":"pt-BR"},{"@type":"Organization","@id":"https:\/\/www.mormaii.com.br\/techprene\/#organization","name":"Techprene","url":"https:\/\/www.mormaii.com.br\/techprene\/","logo":{"@type":"ImageObject","inLanguage":"pt-BR","@id":"https:\/\/www.mormaii.com.br\/techprene\/#\/schema\/logo\/image\/","url":"https:\/\/www.mormaii.com.br\/techprene\/wp-content\/uploads\/2022\/11\/cropped-Sem-Titulo-10.jpg","contentUrl":"https:\/\/www.mormaii.com.br\/techprene\/wp-content\/uploads\/2022\/11\/cropped-Sem-Titulo-10.jpg","width":466,"height":80,"caption":"Techprene"},"image":{"@id":"https:\/\/www.mormaii.com.br\/techprene\/#\/schema\/logo\/image\/"}}]}},"_links":{"self":[{"href":"https:\/\/www.mormaii.com.br\/techprene\/wp-json\/wp\/v2\/pages\/3","targetHints":{"allow":["GET"]}}],"collection":[{"href":"https:\/\/www.mormaii.com.br\/techprene\/wp-json\/wp\/v2\/pages"}],"about":[{"href":"https:\/\/www.mormaii.com.br\/techprene\/wp-json\/wp\/v2\/types\/page"}],"author":[{"embeddable":true,"href":"https:\/\/www.mormaii.com.br\/techprene\/wp-json\/wp\/v2\/users\/1"}],"replies":[{"embeddable":true,"href":"https:\/\/www.mormaii.com.br\/techprene\/wp-json\/wp\/v2\/comments?post=3"}],"version-history":[{"count":4,"href":"https:\/\/www.mormaii.com.br\/techprene\/wp-json\/wp\/v2\/pages\/3\/revisions"}],"predecessor-version":[{"id":926,"href":"https:\/\/www.mormaii.com.br\/techprene\/wp-json\/wp\/v2\/pages\/3\/revisions\/926"}],"wp:attachment":[{"href":"https:\/\/www.mormaii.com.br\/techprene\/wp-json\/wp\/v2\/media?parent=3"}],"curies":[{"name":"wp","href":"https:\/\/api.w.org\/{rel}","templated":true}]}}