{"id":861,"date":"2023-04-12T09:10:41","date_gmt":"2023-04-12T12:10:41","guid":{"rendered":"https:\/\/www.mormaii.com.br\/techprene\/?page_id=861"},"modified":"2024-11-25T14:39:55","modified_gmt":"2024-11-25T17:39:55","slug":"politica-de-qualidade","status":"publish","type":"page","link":"https:\/\/www.mormaii.com.br\/techprene\/politica-de-qualidade\/","title":{"rendered":"POL\u00cdTICA DE QUALIDADE"},"content":{"rendered":"\n<p><strong>Satisfa\u00e7\u00e3o do Cliente<\/strong>: Alcan\u00e7ar e manter um alto n\u00edvel de satisfa\u00e7\u00e3o dos nossos clientes, entendendo e atendendo suas necessidades e expectativas.<br><strong>Qualidade Superior:<\/strong> Vender, produzir e entregar produtos de qualidade superior, com foco na melhoria cont\u00ednua de nossos processos, produtos e servi\u00e7os.<br><strong>Inova\u00e7\u00e3o e Sustentabilidade:<\/strong> Promover a inova\u00e7\u00e3o em nossos produtos e processos, garantindo a sustentabilidade ambiental e econ\u00f4mica.<br><strong>Ambiente de Trabalho Positivo:<\/strong> Fomentar um ambiente de trabalho que valorize a liberdade com responsabilidade, incentivando a colabora\u00e7\u00e3o, o respeito e o desenvolvimento pessoal e profissional.<br><strong>Excel\u00eancia nos Neg\u00f3cios:<\/strong> Atingir o crescimento sustent\u00e1vel atrav\u00e9s da excel\u00eancia operacional e da gest\u00e3o eficiente, assegurando a rentabilidade e a longevidade do neg\u00f3cio.<\/p>\n","protected":false},"excerpt":{"rendered":"<p>Satisfa\u00e7\u00e3o do Cliente: Alcan\u00e7ar e manter um alto n\u00edvel de satisfa\u00e7\u00e3o dos nossos clientes, entendendo e atendendo suas necessidades e expectativas.Qualidade Superior: [&hellip;]<\/p>\n","protected":false},"author":1,"featured_media":0,"parent":0,"menu_order":0,"comment_status":"closed","ping_status":"closed","template":"","meta":{"footnotes":""},"class_list":["post-861","page","type-page","status-publish","hentry"],"yoast_head":"<!-- This site is optimized with the Yoast SEO plugin v23.9 - https:\/\/yoast.com\/wordpress\/plugins\/seo\/ -->\n<title>POL\u00cdTICA DE QUALIDADE - Techprene<\/title>\n<meta name=\"robots\" content=\"index, follow, max-snippet:-1, max-image-preview:large, max-video-preview:-1\" \/>\n<link rel=\"canonical\" href=\"https:\/\/www.mormaii.com.br\/techprene\/politica-de-qualidade\/\" \/>\n<meta property=\"og:locale\" content=\"pt_BR\" \/>\n<meta property=\"og:type\" content=\"article\" \/>\n<meta property=\"og:title\" content=\"POL\u00cdTICA DE QUALIDADE - Techprene\" \/>\n<meta property=\"og:description\" content=\"Satisfa\u00e7\u00e3o do Cliente: Alcan\u00e7ar e manter um alto n\u00edvel de satisfa\u00e7\u00e3o dos nossos clientes, entendendo e atendendo suas necessidades e expectativas.Qualidade Superior: [&hellip;]\" \/>\n<meta property=\"og:url\" content=\"https:\/\/www.mormaii.com.br\/techprene\/politica-de-qualidade\/\" \/>\n<meta property=\"og:site_name\" content=\"Techprene\" \/>\n<meta property=\"article:modified_time\" content=\"2024-11-25T17:39:55+00:00\" \/>\n<meta name=\"twitter:card\" content=\"summary_large_image\" \/>\n<meta name=\"twitter:label1\" content=\"Est. tempo de leitura\" \/>\n\t<meta name=\"twitter:data1\" content=\"1 minuto\" \/>\n<script type=\"application\/ld+json\" class=\"yoast-schema-graph\">{\"@context\":\"https:\/\/schema.org\",\"@graph\":[{\"@type\":\"WebPage\",\"@id\":\"https:\/\/www.mormaii.com.br\/techprene\/politica-de-qualidade\/\",\"url\":\"https:\/\/www.mormaii.com.br\/techprene\/politica-de-qualidade\/\",\"name\":\"POL\u00cdTICA DE QUALIDADE - Techprene\",\"isPartOf\":{\"@id\":\"https:\/\/www.mormaii.com.br\/techprene\/#website\"},\"datePublished\":\"2023-04-12T12:10:41+00:00\",\"dateModified\":\"2024-11-25T17:39:55+00:00\",\"breadcrumb\":{\"@id\":\"https:\/\/www.mormaii.com.br\/techprene\/politica-de-qualidade\/#breadcrumb\"},\"inLanguage\":\"pt-BR\",\"potentialAction\":[{\"@type\":\"ReadAction\",\"target\":[\"https:\/\/www.mormaii.com.br\/techprene\/politica-de-qualidade\/\"]}]},{\"@type\":\"BreadcrumbList\",\"@id\":\"https:\/\/www.mormaii.com.br\/techprene\/politica-de-qualidade\/#breadcrumb\",\"itemListElement\":[{\"@type\":\"ListItem\",\"position\":1,\"name\":\"In\u00edcio\",\"item\":\"https:\/\/www.mormaii.com.br\/techprene\/\"},{\"@type\":\"ListItem\",\"position\":2,\"name\":\"POL\u00cdTICA DE QUALIDADE\"}]},{\"@type\":\"WebSite\",\"@id\":\"https:\/\/www.mormaii.com.br\/techprene\/#website\",\"url\":\"https:\/\/www.mormaii.com.br\/techprene\/\",\"name\":\"Techprene\",\"description\":\"\",\"publisher\":{\"@id\":\"https:\/\/www.mormaii.com.br\/techprene\/#organization\"},\"potentialAction\":[{\"@type\":\"SearchAction\",\"target\":{\"@type\":\"EntryPoint\",\"urlTemplate\":\"https:\/\/www.mormaii.com.br\/techprene\/?s={search_term_string}\"},\"query-input\":{\"@type\":\"PropertyValueSpecification\",\"valueRequired\":true,\"valueName\":\"search_term_string\"}}],\"inLanguage\":\"pt-BR\"},{\"@type\":\"Organization\",\"@id\":\"https:\/\/www.mormaii.com.br\/techprene\/#organization\",\"name\":\"Techprene\",\"url\":\"https:\/\/www.mormaii.com.br\/techprene\/\",\"logo\":{\"@type\":\"ImageObject\",\"inLanguage\":\"pt-BR\",\"@id\":\"https:\/\/www.mormaii.com.br\/techprene\/#\/schema\/logo\/image\/\",\"url\":\"https:\/\/www.mormaii.com.br\/techprene\/wp-content\/uploads\/2022\/11\/cropped-Sem-Titulo-10.jpg\",\"contentUrl\":\"https:\/\/www.mormaii.com.br\/techprene\/wp-content\/uploads\/2022\/11\/cropped-Sem-Titulo-10.jpg\",\"width\":466,\"height\":80,\"caption\":\"Techprene\"},\"image\":{\"@id\":\"https:\/\/www.mormaii.com.br\/techprene\/#\/schema\/logo\/image\/\"}}]}<\/script>\n<!-- \/ Yoast SEO plugin. -->","yoast_head_json":{"title":"POL\u00cdTICA DE QUALIDADE - Techprene","robots":{"index":"index","follow":"follow","max-snippet":"max-snippet:-1","max-image-preview":"max-image-preview:large","max-video-preview":"max-video-preview:-1"},"canonical":"https:\/\/www.mormaii.com.br\/techprene\/politica-de-qualidade\/","og_locale":"pt_BR","og_type":"article","og_title":"POL\u00cdTICA DE QUALIDADE - Techprene","og_description":"Satisfa\u00e7\u00e3o do Cliente: Alcan\u00e7ar e manter um alto n\u00edvel de satisfa\u00e7\u00e3o dos nossos clientes, entendendo e atendendo suas necessidades e expectativas.Qualidade Superior: [&hellip;]","og_url":"https:\/\/www.mormaii.com.br\/techprene\/politica-de-qualidade\/","og_site_name":"Techprene","article_modified_time":"2024-11-25T17:39:55+00:00","twitter_card":"summary_large_image","twitter_misc":{"Est. tempo de leitura":"1 minuto"},"schema":{"@context":"https:\/\/schema.org","@graph":[{"@type":"WebPage","@id":"https:\/\/www.mormaii.com.br\/techprene\/politica-de-qualidade\/","url":"https:\/\/www.mormaii.com.br\/techprene\/politica-de-qualidade\/","name":"POL\u00cdTICA DE QUALIDADE - Techprene","isPartOf":{"@id":"https:\/\/www.mormaii.com.br\/techprene\/#website"},"datePublished":"2023-04-12T12:10:41+00:00","dateModified":"2024-11-25T17:39:55+00:00","breadcrumb":{"@id":"https:\/\/www.mormaii.com.br\/techprene\/politica-de-qualidade\/#breadcrumb"},"inLanguage":"pt-BR","potentialAction":[{"@type":"ReadAction","target":["https:\/\/www.mormaii.com.br\/techprene\/politica-de-qualidade\/"]}]},{"@type":"BreadcrumbList","@id":"https:\/\/www.mormaii.com.br\/techprene\/politica-de-qualidade\/#breadcrumb","itemListElement":[{"@type":"ListItem","position":1,"name":"In\u00edcio","item":"https:\/\/www.mormaii.com.br\/techprene\/"},{"@type":"ListItem","position":2,"name":"POL\u00cdTICA DE QUALIDADE"}]},{"@type":"WebSite","@id":"https:\/\/www.mormaii.com.br\/techprene\/#website","url":"https:\/\/www.mormaii.com.br\/techprene\/","name":"Techprene","description":"","publisher":{"@id":"https:\/\/www.mormaii.com.br\/techprene\/#organization"},"potentialAction":[{"@type":"SearchAction","target":{"@type":"EntryPoint","urlTemplate":"https:\/\/www.mormaii.com.br\/techprene\/?s={search_term_string}"},"query-input":{"@type":"PropertyValueSpecification","valueRequired":true,"valueName":"search_term_string"}}],"inLanguage":"pt-BR"},{"@type":"Organization","@id":"https:\/\/www.mormaii.com.br\/techprene\/#organization","name":"Techprene","url":"https:\/\/www.mormaii.com.br\/techprene\/","logo":{"@type":"ImageObject","inLanguage":"pt-BR","@id":"https:\/\/www.mormaii.com.br\/techprene\/#\/schema\/logo\/image\/","url":"https:\/\/www.mormaii.com.br\/techprene\/wp-content\/uploads\/2022\/11\/cropped-Sem-Titulo-10.jpg","contentUrl":"https:\/\/www.mormaii.com.br\/techprene\/wp-content\/uploads\/2022\/11\/cropped-Sem-Titulo-10.jpg","width":466,"height":80,"caption":"Techprene"},"image":{"@id":"https:\/\/www.mormaii.com.br\/techprene\/#\/schema\/logo\/image\/"}}]}},"_links":{"self":[{"href":"https:\/\/www.mormaii.com.br\/techprene\/wp-json\/wp\/v2\/pages\/861","targetHints":{"allow":["GET"]}}],"collection":[{"href":"https:\/\/www.mormaii.com.br\/techprene\/wp-json\/wp\/v2\/pages"}],"about":[{"href":"https:\/\/www.mormaii.com.br\/techprene\/wp-json\/wp\/v2\/types\/page"}],"author":[{"embeddable":true,"href":"https:\/\/www.mormaii.com.br\/techprene\/wp-json\/wp\/v2\/users\/1"}],"replies":[{"embeddable":true,"href":"https:\/\/www.mormaii.com.br\/techprene\/wp-json\/wp\/v2\/comments?post=861"}],"version-history":[{"count":3,"href":"https:\/\/www.mormaii.com.br\/techprene\/wp-json\/wp\/v2\/pages\/861\/revisions"}],"predecessor-version":[{"id":1081,"href":"https:\/\/www.mormaii.com.br\/techprene\/wp-json\/wp\/v2\/pages\/861\/revisions\/1081"}],"wp:attachment":[{"href":"https:\/\/www.mormaii.com.br\/techprene\/wp-json\/wp\/v2\/media?parent=861"}],"curies":[{"name":"wp","href":"https:\/\/api.w.org\/{rel}","templated":true}]}}